{"id":1169,"date":"2020-05-21T09:59:56","date_gmt":"2020-05-21T07:59:56","guid":{"rendered":"https:\/\/mediascol.ac-clermont.fr\/galerie-arts-plastiques\/?page_id=1169"},"modified":"2026-02-13T15:47:14","modified_gmt":"2026-02-13T14:47:14","slug":"accueil","status":"publish","type":"page","link":"https:\/\/sites.ac-corse.fr\/arts\/accueil\/","title":{"rendered":"A propos"},"content":{"rendered":"\n<p>1\u00e8re galerie virtuelle d&rsquo;arts plastiques de l&rsquo;acad\u00e9mie de Corse, la Galleria Luce a \u00e9t\u00e9 cr\u00e9\u00e9e selon les objectifs suivants :<\/p>\n\n\n\n<ul class=\"wp-block-list\">\n<li>Exposer les productions plastiques, les d\u00e9marches et les pratiques des \u00e9l\u00e8ves.<\/li>\n\n\n\n<li>Valoriser la cr\u00e9ativit\u00e9 remarquable des \u00e9l\u00e8ves et des professeurs d&rsquo;arts plastiques.   <\/li>\n\n\n\n<li>Diffuser les ressources et les bonnes pratiques p\u00e9dagogiques des professeurs d&rsquo;arts plastiques de l&rsquo;acad\u00e9mie de Corse.<\/li>\n<\/ul>\n\n\n\n<p class=\"has-background\" style=\"background-color:#eefaff\">Si vous souhaitez que les \u00e9l\u00e8ves de vos \u00e9tablissements participent \u00e0 cette exposition virtuelle, il sera n\u00e9cessaire, dans un premier temps, d&rsquo;obtenir les autorisations de diffusion des travaux d&rsquo;\u00e9l\u00e8ves mineurs par leurs responsables l\u00e9gaux et les autorisations de diffusion des travaux d&rsquo;\u00e9l\u00e8ves majeurs par les \u00e9l\u00e8ves majeurs, eux-m\u00eames. <\/p>\n\n\n\n<p class=\"has-background\" style=\"background-color:#eefaff\">Ensuite, vous devez s\u00e9lectionner et enregistrer aux formats standards .jpeg, .mp3 ou .mp4, de moins de 6 Mo chacune les productions de vos \u00e9l\u00e8ves, puis les transmettre via l\u2019application d\u2019envoi de fichiers <a href=\"https:\/\/fromsmash.com\/\"><strong>Smash<\/strong><\/a><strong>\u00e0<\/strong> <strong><a href=\"mailto:helene.croisonnier@ac-nice.fr\">helene.croisonnier@ac-nice.fr<\/a> et <a href=\"mailto:veronique.pieri@ac-nice.fr\">elea.arabi@ac-corse.fr<\/a>,<\/strong> pour qu&rsquo;elles soient diffus\u00e9es sur la Galleria Luce.<\/p>\n\n\n\n<p>Pour plus de libert\u00e9, vous pouvez cr\u00e9er vous-m\u00eame des articles pr\u00e9sentant les productions de vos \u00e9l\u00e8ves sur la Galleria Luce en suivant ce tutoriel <mark style=\"background-color:rgba(0, 0, 0, 0)\" class=\"has-inline-color has-black-color\"><a href=\"https:\/\/mediascol.ac-clermont.fr\/galerie-arts-plastiques\/wp-content\/uploads\/sites\/21\/2021\/04\/Tutoriel-Auteur-Galerie-Volcanique_Avril_2021.pdf\" data-type=\"URL\" data-id=\"https:\/\/mediascol.ac-clermont.fr\/galerie-arts-plastiques\/wp-content\/uploads\/sites\/21\/2021\/04\/Tutoriel-Auteur-Galerie-Volcanique_Avril_2021.pdf\">(tutoriel d&rsquo;auteur )<\/a><\/mark>. Auparavant, il suffira d&rsquo;en avertir Madame Croisonnier pour qu&rsquo;elle vous cr\u00e9e un compte d&rsquo;acc\u00e8s \u00e0 la Galleria Luce.<\/p>\n\n\n\n<p>Enfin, nous vous invitons \u00e0 diffuser \u00e9galement sur la Galleria Luce vos ressources p\u00e9dagogiques textuelles, audios et audiovisuelles, comme vos fiches de s\u00e9quences, fiches projets, fiches ateliers, fiches de r\u00e9f\u00e9rences artistiques et culturelles, fiche de connaissances th\u00e9oriques ; enregistrement audios ou audiovisuels d&rsquo;\u00e9l\u00e8ves explicitant leurs pratiques et leurs d\u00e9marches artistiques, enregistrements audios ou audiovisuels d&rsquo;\u00e9l\u00e8ves questionnant le fait artistique, enregistrements audios ou audiovisuels d&rsquo;\u00e9l\u00e8ves exposant leurs productions, celles de leurs pairs ou celles d&rsquo;artistes, enregistrements audios ou audiovisuels d&rsquo;intervention d&rsquo;artistes ainsi que de partenaires artistiques et culturels, etc.<\/p>\n\n\n\n<p style=\"font-size:-2px\">Pour plus d&rsquo;informations sur les formulaires, consultez la <a href=\"https:\/\/mediascol.ac-clermont.fr\/galerie-arts-plastiques\/formulaires-autorisation-de-diffusion-de-travaux-deleve\/\">page d\u00e9di\u00e9e aux formulaires de demande d&rsquo;autorisation de diffusion de travaux d&rsquo;\u00e9l\u00e8ves<\/a>.<\/p>\n\n\n\n<p><\/p>\n\n\n\n<p><\/p>\n\n\n\n<ul class=\"wp-block-list\">\n<li><\/li>\n<\/ul>\n","protected":false},"excerpt":{"rendered":"<p>1\u00e8re galerie virtuelle d&rsquo;arts plastiques de l&rsquo;acad\u00e9mie de Corse, la Galleria Luce a \u00e9t\u00e9 cr\u00e9\u00e9e selon les objectifs suivants : Si vous souhaitez que les \u00e9l\u00e8ves de vos \u00e9tablissements participent \u00e0 cette exposition virtuelle, il sera n\u00e9cessaire, dans un premier temps, d&rsquo;obtenir les autorisations de diffusion des travaux d&rsquo;\u00e9l\u00e8ves mineurs par leurs responsables l\u00e9gaux et [&hellip;]<\/p>\n","protected":false},"author":6,"featured_media":0,"parent":0,"menu_order":0,"comment_status":"closed","ping_status":"closed","template":"","meta":{"footnotes":""},"class_list":["post-1169","page","type-page","status-publish","hentry"],"_links":{"self":[{"href":"https:\/\/sites.ac-corse.fr\/arts\/wp-json\/wp\/v2\/pages\/1169","targetHints":{"allow":["GET"]}}],"collection":[{"href":"https:\/\/sites.ac-corse.fr\/arts\/wp-json\/wp\/v2\/pages"}],"about":[{"href":"https:\/\/sites.ac-corse.fr\/arts\/wp-json\/wp\/v2\/types\/page"}],"author":[{"embeddable":true,"href":"https:\/\/sites.ac-corse.fr\/arts\/wp-json\/wp\/v2\/users\/6"}],"replies":[{"embeddable":true,"href":"https:\/\/sites.ac-corse.fr\/arts\/wp-json\/wp\/v2\/comments?post=1169"}],"version-history":[{"count":2,"href":"https:\/\/sites.ac-corse.fr\/arts\/wp-json\/wp\/v2\/pages\/1169\/revisions"}],"predecessor-version":[{"id":8946,"href":"https:\/\/sites.ac-corse.fr\/arts\/wp-json\/wp\/v2\/pages\/1169\/revisions\/8946"}],"wp:attachment":[{"href":"https:\/\/sites.ac-corse.fr\/arts\/wp-json\/wp\/v2\/media?parent=1169"}],"curies":[{"name":"wp","href":"https:\/\/api.w.org\/{rel}","templated":true}]}}