{"id":360,"date":"2022-09-21T15:41:15","date_gmt":"2022-09-21T13:41:15","guid":{"rendered":"https:\/\/sites.ac-corse.fr\/docs\/?page_id=360"},"modified":"2022-12-07T14:42:47","modified_gmt":"2022-12-07T13:42:47","slug":"la-page-de-linspection","status":"publish","type":"page","link":"https:\/\/sites.ac-corse.fr\/docs\/la-page-de-linspection\/","title":{"rendered":"La page de l&rsquo;inspection"},"content":{"rendered":"<div data-colibri-id=\"360-c1\" class=\"style-304 style-local-360-c1 position-relative\">\n  <!---->\n  <div data-colibri-component=\"section\" data-colibri-id=\"360-c2\" id=\"initial-content\" class=\"h-section h-section-global-spacing d-flex align-items-lg-center align-items-md-center align-items-center style-305 style-local-360-c2 position-relative\">\n    <!---->\n    <!---->\n    <div class=\"h-section-grid-container h-section-boxed-container\">\n      <!---->\n      <div data-colibri-id=\"360-c3\" class=\"h-row-container gutters-row-lg-2 gutters-row-md-2 gutters-row-0 gutters-row-v-lg-2 gutters-row-v-md-2 gutters-row-v-2 style-306 style-local-360-c3 position-relative\">\n        <!---->\n        <div class=\"h-row justify-content-lg-center justify-content-md-center justify-content-center align-items-lg-stretch align-items-md-stretch align-items-stretch gutters-col-lg-2 gutters-col-md-2 gutters-col-0 gutters-col-v-lg-2 gutters-col-v-md-2 gutters-col-v-2\">\n          <!---->\n          <div class=\"h-column h-column-container d-flex h-col-lg-auto h-col-md-auto h-col-auto style-307-outer style-local-360-c4-outer\">\n            <div data-colibri-id=\"360-c4\" class=\"d-flex h-flex-basis h-column__inner h-px-lg-2 h-px-md-2 h-px-2 v-inner-lg-2 v-inner-md-2 v-inner-2 style-307 style-local-360-c4 position-relative\">\n              <!---->\n              <!---->\n              <div class=\"w-100 h-y-container h-column__content h-column__v-align flex-basis-100 align-self-lg-start align-self-md-start align-self-start\">\n                <!---->\n                <div data-colibri-id=\"360-c5\" class=\"style-308 style-local-360-c5 position-relative h-element\">\n                  <!---->\n                  <div>\n                    \n                    <p>\u25ba\n                      <a href=\"https:\/\/sites.ac-corse.fr\/docs\/2022\/08\/31\/rentree-2022\/\">Lettre de rentr\u00e9e 2022<\/a> (\n                      <a href=\"https:\/\/sites.ac-corse.fr\/docs\/category\/lettres-de-rentree\/\">Archives<\/a>)<\/p>\n                    \n\n                    \n                    <p>\u25ba\n                      <a href=\"https:\/\/sites.ac-corse.fr\/docs\/2022\/12\/03\/professeurs-documentalistes-et-personnels-affectes-au-cdi-2022-2023\/\">Professeurs documentalistes de l&rsquo;acad\u00e9mie<\/a>\n                    <\/p>\n                    \n\n                    \n                    <p>\u25ba\n                      <a href=\"https:\/\/eduscol.education.fr\/document\/33370\/download?attachment\">Vademecum EMI 2022<\/a>\n                    <\/p>\n                    \n\n                    \n                    <p>\u25ba\n                      <a href=\"https:\/\/sites.ac-corse.fr\/docs\/2021\/09\/01\/les-missions-des-professeurs-documentalistes\/\">Les missions des professeurs documentalistes<\/a>\n                    <\/p>\n                    \n\n                    \n                    <p>\u25ba\n                      <a href=\"https:\/\/sites.ac-corse.fr\/docs\/2021\/09\/01\/le-referentiel-des-competences-professionnelles-des-metiers-du-professorat-et-de-leducation\/\">Le r\u00e9f\u00e9rentiel des comp\u00e9tences professionnelles<\/a>\n                    <\/p>\n                    \n                  <\/div>\n                <\/div>\n              <\/div>\n            <\/div>\n          <\/div>\n        <\/div>\n      <\/div>\n    <\/div>\n  <\/div>\n<\/div>","protected":false},"excerpt":{"rendered":"<p>\u25ba Lettre de rentr\u00e9e 2022 ( Archives) \u25ba Professeurs documentalistes de l&rsquo;acad\u00e9mie \u25ba Vademecum EMI 2022 \u25ba Les missions des professeurs documentalistes \u25ba Le r\u00e9f\u00e9rentiel des comp\u00e9tences professionnelles<\/p>\n","protected":false},"author":77,"featured_media":0,"parent":0,"menu_order":0,"comment_status":"closed","ping_status":"closed","template":"page-templates\/full-width-page.php","meta":{"footnotes":""},"class_list":["post-360","page","type-page","status-publish","hentry"],"_links":{"self":[{"href":"https:\/\/sites.ac-corse.fr\/docs\/wp-json\/wp\/v2\/pages\/360","targetHints":{"allow":["GET"]}}],"collection":[{"href":"https:\/\/sites.ac-corse.fr\/docs\/wp-json\/wp\/v2\/pages"}],"about":[{"href":"https:\/\/sites.ac-corse.fr\/docs\/wp-json\/wp\/v2\/types\/page"}],"author":[{"embeddable":true,"href":"https:\/\/sites.ac-corse.fr\/docs\/wp-json\/wp\/v2\/users\/77"}],"replies":[{"embeddable":true,"href":"https:\/\/sites.ac-corse.fr\/docs\/wp-json\/wp\/v2\/comments?post=360"}],"version-history":[{"count":5,"href":"https:\/\/sites.ac-corse.fr\/docs\/wp-json\/wp\/v2\/pages\/360\/revisions"}],"predecessor-version":[{"id":960,"href":"https:\/\/sites.ac-corse.fr\/docs\/wp-json\/wp\/v2\/pages\/360\/revisions\/960"}],"wp:attachment":[{"href":"https:\/\/sites.ac-corse.fr\/docs\/wp-json\/wp\/v2\/media?parent=360"}],"curies":[{"name":"wp","href":"https:\/\/api.w.org\/{rel}","templated":true}]}}