{"id":1379,"date":"2023-02-09T20:36:45","date_gmt":"2023-02-09T19:36:45","guid":{"rendered":"https:\/\/sites.ac-corse.fr\/histgeo\/?page_id=1379"},"modified":"2024-02-06T22:53:42","modified_gmt":"2024-02-06T21:53:42","slug":"formations","status":"publish","type":"page","link":"https:\/\/sites.ac-corse.fr\/histgeo\/formations\/","title":{"rendered":"OFFRE DE FORMATION 2023-2024"},"content":{"rendered":"\n<h2 class=\"wp-block-heading has-text-align-center\"><a href=\"https:\/\/sites.ac-corse.fr\/histgeo\/2024\/02\/06\/ressources-formations-disciplinaires\/\" target=\"_blank\" rel=\"noreferrer noopener\">Consulter les ressources des formations disciplinaires<\/a> <\/h2>\n\n\n\n<div class=\"wp-block-columns is-layout-flex wp-container-core-columns-is-layout-9d6595d7 wp-block-columns-is-layout-flex\">\n<div class=\"wp-block-column is-vertically-aligned-center is-layout-flow wp-block-column-is-layout-flow\">\n<h1 class=\"wp-block-heading has-text-align-center\">SE FORMER AVEC M@GISTERE<\/h1>\n\n\n\n<h2 style=\"text-align: center;\"><a href=\"https:\/\/magistere.education.fr\/ac-corse\/\" target=\"_blank\" rel=\"noopener\">\u00a0Pour acc\u00e9der \u00e0 l&rsquo;offre de formation en ligne de M@gist\u00e8re, vous avez besoin de vos identifiants acad\u00e9miques d&rsquo;acc\u00e8s au portail Arena <\/a><\/h2>\n<p><img loading=\"lazy\" decoding=\"async\" class=\"aligncenter wp-image-1386 \" title=\"logo m@gist\u00e8re\" src=\"https:\/\/sites.ac-corse.fr\/histgeo\/wp-content\/uploads\/sites\/16\/2022\/09\/2022-09-28_18h02_01-300x179.png\" alt=\"logo m@gist\u00e8re avec quatre figurines de couleur : de gauche \u00e0 droite rouge, orange, verte, bleu avec au dessous inscription du mot m@gist\u00e8re\" width=\"312\" height=\"186\" srcset=\"https:\/\/sites.ac-corse.fr\/histgeo\/wp-content\/uploads\/sites\/16\/2022\/09\/2022-09-28_18h02_01-300x179.png 300w, https:\/\/sites.ac-corse.fr\/histgeo\/wp-content\/uploads\/sites\/16\/2022\/09\/2022-09-28_18h02_01.png 321w\" sizes=\"auto, (max-width: 312px) 100vw, 312px\" \/><\/p>\n\n\n\n<h3 class=\"wp-block-heading has-text-align-center\">Des formations nationales en auto-inscription<\/h3>\n<h3 class=\"wp-block-heading has-text-align-center\">et des formations acad\u00e9miques propos\u00e9es dans l&rsquo;<a href=\"https:\/\/www.ac-corse.fr\/l-offre-de-formation-specifique-disciplinaire-avec-l-eafc-124157\" target=\"_blank\" rel=\"noopener\">offre disciplinaire de l&rsquo;EAFC<\/a><\/h3>\n\n\n\n<h6 class=\"wp-block-heading has-text-align-right\"> <\/h6>\n\n\n\n<figure class=\"wp-block-gallery has-nested-images columns-default is-cropped wp-block-gallery-1 is-layout-flex wp-block-gallery-is-layout-flex\"><div class=\"wp-block-image is-style-default\">\n<figure class=\"alignleft size-full\"><a href=\"https:\/\/www.ac-corse.fr\/l-offre-de-formation-specifique-disciplinaire-avec-l-eafc-124157\"><img loading=\"lazy\" decoding=\"async\" width=\"720\" height=\"81\" data-id=\"1862\" src=\"https:\/\/sites.ac-corse.fr\/histgeo\/wp-content\/uploads\/sites\/16\/2023\/10\/2023-10-05_11h56_24.png\" alt=\"\" class=\"wp-image-1862\" srcset=\"https:\/\/sites.ac-corse.fr\/histgeo\/wp-content\/uploads\/sites\/16\/2023\/10\/2023-10-05_11h56_24.png 720w, https:\/\/sites.ac-corse.fr\/histgeo\/wp-content\/uploads\/sites\/16\/2023\/10\/2023-10-05_11h56_24-300x34.png 300w\" sizes=\"auto, (max-width: 720px) 100vw, 720px\" \/><\/a><\/figure>\n<\/div><\/figure>\n<\/div>\n<\/div>\n\n\n\n<div class=\"wp-block-columns is-layout-flex wp-container-core-columns-is-layout-9d6595d7 wp-block-columns-is-layout-flex\">\n<div class=\"wp-block-column is-layout-flow wp-block-column-is-layout-flow\" style=\"flex-basis:100%\">\n<div class=\"wp-block-columns is-layout-flex wp-container-core-columns-is-layout-9d6595d7 wp-block-columns-is-layout-flex\">\n<div class=\"wp-block-column is-layout-flow wp-block-column-is-layout-flow\" id=\"pr\u00e9sentation-14-02-24\">\n<div class=\"wp-block-columns is-style-default is-layout-flex wp-container-core-columns-is-layout-9d6595d7 wp-block-columns-is-layout-flex\">\n<div class=\"wp-block-column is-layout-flow wp-block-column-is-layout-flow\" style=\"flex-basis:63%\">\n<h2 class=\"wp-block-heading has-text-align-center\"><a style=\"pointer-events: none;\" rel=\"noopener\" href=\"https:\/\/www.ac-corse.fr\/eafc\" target=\"_blank\">Consulter l&rsquo;ensemble de l&rsquo;offre de formation propos\u00e9e par l&rsquo;EAFC de l&rsquo;Acad\u00e9mie de Corse pour les enseignants du second degr\u00e9<\/a>&nbsp;<\/h2>\n<\/div>\n\n\n\n<div class=\"wp-block-column is-layout-flow wp-block-column-is-layout-flow\" style=\"flex-basis:37%\">\n<figure class=\"wp-block-image\"><img loading=\"lazy\" decoding=\"async\" width=\"293\" height=\"300\" src=\"https:\/\/sites.ac-corse.fr\/histgeo\/wp-content\/uploads\/sites\/16\/2022\/09\/2022-09-28_17h26_45-293x300.png\" alt=\"\" class=\"wp-image-1382\" srcset=\"https:\/\/sites.ac-corse.fr\/histgeo\/wp-content\/uploads\/sites\/16\/2022\/09\/2022-09-28_17h26_45-293x300.png 293w, https:\/\/sites.ac-corse.fr\/histgeo\/wp-content\/uploads\/sites\/16\/2022\/09\/2022-09-28_17h26_45.png 414w\" sizes=\"auto, (max-width: 293px) 100vw, 293px\" \/><\/figure>\n<\/div>\n<\/div>\n\n\n\n<div class=\"wp-block-columns is-layout-flex wp-container-core-columns-is-layout-9d6595d7 wp-block-columns-is-layout-flex\">\n<div class=\"wp-block-column is-vertically-aligned-top is-layout-flow wp-block-column-is-layout-flow\"><\/div>\n<\/div>\n<\/div>\n<\/div>\n<\/div>\n<\/div>\n\n\n\n<div class=\"wp-block-group has-medium-font-size\"><div class=\"wp-block-group__inner-container is-layout-constrained wp-block-group-is-layout-constrained\"><\/div><\/div>\n","protected":false},"excerpt":{"rendered":"<p>Consulter les ressources des formations disciplinaires SE FORMER AVEC M@GISTERE \u00a0Pour acc\u00e9der \u00e0 l&rsquo;offre de formation en ligne de M@gist\u00e8re, vous avez besoin de vos identifiants acad\u00e9miques d&rsquo;acc\u00e8s au portail Arena Des formations nationales en auto-inscription et des formations acad\u00e9miques propos\u00e9es dans l&rsquo;offre disciplinaire de l&rsquo;EAFC Consulter l&rsquo;ensemble de l&rsquo;offre de formation propos\u00e9e par l&rsquo;EAFC [&hellip;]<\/p>\n","protected":false},"author":58,"featured_media":0,"parent":0,"menu_order":0,"comment_status":"closed","ping_status":"closed","template":"page-templates\/full-width-page.php","meta":{"footnotes":""},"class_list":["post-1379","page","type-page","status-publish","hentry"],"_links":{"self":[{"href":"https:\/\/sites.ac-corse.fr\/histgeo\/wp-json\/wp\/v2\/pages\/1379","targetHints":{"allow":["GET"]}}],"collection":[{"href":"https:\/\/sites.ac-corse.fr\/histgeo\/wp-json\/wp\/v2\/pages"}],"about":[{"href":"https:\/\/sites.ac-corse.fr\/histgeo\/wp-json\/wp\/v2\/types\/page"}],"author":[{"embeddable":true,"href":"https:\/\/sites.ac-corse.fr\/histgeo\/wp-json\/wp\/v2\/users\/58"}],"replies":[{"embeddable":true,"href":"https:\/\/sites.ac-corse.fr\/histgeo\/wp-json\/wp\/v2\/comments?post=1379"}],"version-history":[{"count":19,"href":"https:\/\/sites.ac-corse.fr\/histgeo\/wp-json\/wp\/v2\/pages\/1379\/revisions"}],"predecessor-version":[{"id":2047,"href":"https:\/\/sites.ac-corse.fr\/histgeo\/wp-json\/wp\/v2\/pages\/1379\/revisions\/2047"}],"wp:attachment":[{"href":"https:\/\/sites.ac-corse.fr\/histgeo\/wp-json\/wp\/v2\/media?parent=1379"}],"curies":[{"name":"wp","href":"https:\/\/api.w.org\/{rel}","templated":true}]}}