{"id":931,"date":"2022-08-30T11:39:27","date_gmt":"2022-08-30T09:39:27","guid":{"rendered":"https:\/\/sites.ac-corse.fr\/histgeo\/?page_id=931"},"modified":"2024-10-06T17:12:11","modified_gmt":"2024-10-06T15:12:11","slug":"emc","status":"publish","type":"page","link":"https:\/\/sites.ac-corse.fr\/histgeo\/emc\/","title":{"rendered":"EMC"},"content":{"rendered":"\n<ul class=\"wp-block-list\">\n<li><\/li>\n<\/ul>\n\n\n\n<figure class=\"wp-block-image size-full is-resized is-style-default\"><img loading=\"lazy\" decoding=\"async\" width=\"512\" height=\"512\" src=\"https:\/\/sites.ac-corse.fr\/histgeo\/wp-content\/uploads\/sites\/16\/2022\/07\/cropped-favicon.png\" alt=\"\" class=\"wp-image-89\" style=\"width:280px;height:280px\" srcset=\"https:\/\/sites.ac-corse.fr\/histgeo\/wp-content\/uploads\/sites\/16\/2022\/07\/cropped-favicon.png 512w, https:\/\/sites.ac-corse.fr\/histgeo\/wp-content\/uploads\/sites\/16\/2022\/07\/cropped-favicon-300x300.png 300w, https:\/\/sites.ac-corse.fr\/histgeo\/wp-content\/uploads\/sites\/16\/2022\/07\/cropped-favicon-150x150.png 150w, https:\/\/sites.ac-corse.fr\/histgeo\/wp-content\/uploads\/sites\/16\/2022\/07\/cropped-favicon-270x270.png 270w, https:\/\/sites.ac-corse.fr\/histgeo\/wp-content\/uploads\/sites\/16\/2022\/07\/cropped-favicon-192x192.png 192w, https:\/\/sites.ac-corse.fr\/histgeo\/wp-content\/uploads\/sites\/16\/2022\/07\/cropped-favicon-180x180.png 180w, https:\/\/sites.ac-corse.fr\/histgeo\/wp-content\/uploads\/sites\/16\/2022\/07\/cropped-favicon-32x32.png 32w\" sizes=\"auto, (max-width: 512px) 100vw, 512px\" \/><\/figure>\n\n\n\n<p><\/p>\n\n\n\n<h2 class=\"wp-block-heading\"><strong>Programmes et ressources <\/strong><\/h2>\n\n\n\n<p><\/p>\n\n\n\n<div class=\"wp-block-columns are-vertically-aligned-top is-layout-flex wp-container-core-columns-is-layout-9d6595d7 wp-block-columns-is-layout-flex\">\n<div class=\"wp-block-column is-vertically-aligned-top is-layout-flow wp-block-column-is-layout-flow\" style=\"flex-basis:100%\">\n<h2 class=\"wp-block-heading\"><strong><a rel=\"noreferrer noopener\" href=\"https:\/\/eduscol.education.fr\/2708\/enseignement-moral-et-civique-cycles-2-3-et-4\" data-type=\"URL\" data-id=\"https:\/\/eduscol.education.fr\/2708\/enseignement-moral-et-civique-cycles-2-3-et-4\" target=\"_blank\">Consulter le site du minist\u00e8re pour les programmes et les recommandations de mise en oeuvre<\/a> pour le cycle 2, 3 et 4 <\/strong><\/h2>\n<\/div>\n<\/div>\n\n\n\n<h2 class=\"wp-block-heading\"><strong>et <a rel=\"noreferrer noopener\" href=\"https:\/\/eduscol.education.fr\/1681\/programmes-et-ressources-en-enseignement-moral-et-civique-voie-gt\" target=\"_blank\">pour le lyc\u00e9e<\/a> <\/strong><\/h2>\n\n\n\n<div class=\"wp-block-columns is-layout-flex wp-container-core-columns-is-layout-9d6595d7 wp-block-columns-is-layout-flex\">\n<div class=\"wp-block-column is-layout-flow wp-block-column-is-layout-flow\" style=\"flex-basis:33.33%\">\n<figure class=\"wp-block-image size-large is-style-default\"><img loading=\"lazy\" decoding=\"async\" width=\"1024\" height=\"749\" src=\"https:\/\/sites.ac-corse.fr\/histgeo\/wp-content\/uploads\/sites\/16\/2022\/08\/2022-08-30_11h27_38-1024x749.png\" alt=\"\" class=\"wp-image-1023\" srcset=\"https:\/\/sites.ac-corse.fr\/histgeo\/wp-content\/uploads\/sites\/16\/2022\/08\/2022-08-30_11h27_38-1024x749.png 1024w, https:\/\/sites.ac-corse.fr\/histgeo\/wp-content\/uploads\/sites\/16\/2022\/08\/2022-08-30_11h27_38-300x219.png 300w, https:\/\/sites.ac-corse.fr\/histgeo\/wp-content\/uploads\/sites\/16\/2022\/08\/2022-08-30_11h27_38-768x562.png 768w, https:\/\/sites.ac-corse.fr\/histgeo\/wp-content\/uploads\/sites\/16\/2022\/08\/2022-08-30_11h27_38.png 1077w\" sizes=\"auto, (max-width: 1024px) 100vw, 1024px\" \/><figcaption class=\"wp-element-caption\">Slaven en gevangenen bij de Turken &#8211; Rijksmuseum, Netherlands &#8211; Public Domain.<br>https:\/\/www.europeana.eu\/item\/90402\/BI_1972_1043_28<\/figcaption><\/figure>\n<\/div>\n\n\n\n<div class=\"wp-block-column is-layout-flow wp-block-column-is-layout-flow\" style=\"flex-basis:66.66%\">\n<h2 style=\"text-align: center\"><strong><a href=\"https:\/\/eduscol.education.fr\/document\/4991\/download\" target=\"_blank\" rel=\"noopener\">Un document propos\u00e9 par l&rsquo;IGESR et la DGESCO \u00e0 t\u00e9l\u00e9charger: <\/a><\/strong><\/h2>\n<h2 style=\"text-align: center\"><strong><a href=\"https:\/\/eduscol.education.fr\/document\/4991\/download\" target=\"_blank\" rel=\"noopener\">La place de l\u2019esclavage, ses formes <\/a><\/strong><br \/><strong><a href=\"_wp_link_placeholder\" data-wplink-edit=\"true\">et ses m\u00e9moires dans les <\/a><\/strong><br \/><strong><a href=\"_wp_link_placeholder\">programmes scolaires<\/a><\/strong><\/h2>\n<\/p>\n<h2>&nbsp;<\/h2>\n<\/div>\n<\/div>\n\n\n<p><a href=\"https:\/\/nuage03.apps.education.fr\/index.php\/s\/ndPxLRTPs6TMage\" target=\"_blank\" rel=\"noopener\">T\u00e9l\u00e9charger la lettre d&rsquo;information de M. Michel Romagnan IA-IPR sur les concours citoyens 2024-2025<\/a><\/p>\n\n\n<p><\/p>\n","protected":false},"excerpt":{"rendered":"<p>Programmes et ressources Consulter le site du minist\u00e8re pour les programmes et les recommandations de mise en oeuvre pour le cycle 2, 3 et 4 et pour le lyc\u00e9e Un document propos\u00e9 par l&rsquo;IGESR et la DGESCO \u00e0 t\u00e9l\u00e9charger: La place de l\u2019esclavage, ses formes et ses m\u00e9moires dans les programmes scolaires &nbsp; T\u00e9l\u00e9charger la [&hellip;]<\/p>\n","protected":false},"author":58,"featured_media":89,"parent":0,"menu_order":0,"comment_status":"closed","ping_status":"closed","template":"","meta":{"footnotes":""},"class_list":["post-931","page","type-page","status-publish","has-post-thumbnail","hentry"],"_links":{"self":[{"href":"https:\/\/sites.ac-corse.fr\/histgeo\/wp-json\/wp\/v2\/pages\/931","targetHints":{"allow":["GET"]}}],"collection":[{"href":"https:\/\/sites.ac-corse.fr\/histgeo\/wp-json\/wp\/v2\/pages"}],"about":[{"href":"https:\/\/sites.ac-corse.fr\/histgeo\/wp-json\/wp\/v2\/types\/page"}],"author":[{"embeddable":true,"href":"https:\/\/sites.ac-corse.fr\/histgeo\/wp-json\/wp\/v2\/users\/58"}],"replies":[{"embeddable":true,"href":"https:\/\/sites.ac-corse.fr\/histgeo\/wp-json\/wp\/v2\/comments?post=931"}],"version-history":[{"count":13,"href":"https:\/\/sites.ac-corse.fr\/histgeo\/wp-json\/wp\/v2\/pages\/931\/revisions"}],"predecessor-version":[{"id":2190,"href":"https:\/\/sites.ac-corse.fr\/histgeo\/wp-json\/wp\/v2\/pages\/931\/revisions\/2190"}],"wp:featuredmedia":[{"embeddable":true,"href":"https:\/\/sites.ac-corse.fr\/histgeo\/wp-json\/wp\/v2\/media\/89"}],"wp:attachment":[{"href":"https:\/\/sites.ac-corse.fr\/histgeo\/wp-json\/wp\/v2\/media?parent=931"}],"curies":[{"name":"wp","href":"https:\/\/api.w.org\/{rel}","templated":true}]}}