{"id":188,"date":"2022-10-04T12:17:53","date_gmt":"2022-10-04T10:17:53","guid":{"rendered":"https:\/\/sites.ac-corse.fr\/lcc\/?page_id=188"},"modified":"2023-12-12T11:20:55","modified_gmt":"2023-12-12T10:20:55","slug":"actualites","status":"publish","type":"page","link":"https:\/\/sites.ac-corse.fr\/lcc\/actualites\/","title":{"rendered":"Actualit\u00e9s et agenda"},"content":{"rendered":"\n<h2 class=\"wp-block-heading\">H\u00e8 natu u Nutizialingua !<\/h2>\n\n\n\n<p>A squadra di i CPC-LCC h\u00e8 felice d&rsquo;annunzi\u00e0 vi a creazione di u <a href=\"https:\/\/sites.ac-corse.fr\/lcc\/u-nutizialingua\/\">NUTIZIALINGUA<\/a> &#8211; \u00ab\u00a0\u00c8 stu mese ch\u00ec femu\u00a0\u00bb. <\/p>\n\n\n\n<p>Sta rivista h\u00e0 p\u00e8 scopu di sparte un inseme di ducumenti (scritti, audio, letture, esercizi, canzone, cuntrasti, fiure, puesie&#8230;), \u00e8 di pruposte pedagogiche da mette in ballu in e scole, \u00e0 l&rsquo;ingiru d&rsquo;un tema ogni mese.<\/p>\n\n\n<div class=\"wp-block-image\">\n<figure class=\"aligncenter size-large is-resized\"><a href=\"https:\/\/sites.ac-corse.fr\/lcc\/u-nutizialingua\/\"><img loading=\"lazy\" decoding=\"async\" width=\"1024\" height=\"767\" src=\"https:\/\/sites.ac-corse.fr\/lcc\/wp-content\/uploads\/sites\/28\/2023\/12\/nutizialingua-1024x767.jpg\" alt=\"\" class=\"wp-image-575\" style=\"width:360px;height:auto\" srcset=\"https:\/\/sites.ac-corse.fr\/lcc\/wp-content\/uploads\/sites\/28\/2023\/12\/nutizialingua-1024x767.jpg 1024w, https:\/\/sites.ac-corse.fr\/lcc\/wp-content\/uploads\/sites\/28\/2023\/12\/nutizialingua-300x225.jpg 300w, https:\/\/sites.ac-corse.fr\/lcc\/wp-content\/uploads\/sites\/28\/2023\/12\/nutizialingua-768x575.jpg 768w, https:\/\/sites.ac-corse.fr\/lcc\/wp-content\/uploads\/sites\/28\/2023\/12\/nutizialingua.jpg 1042w\" sizes=\"auto, (max-width: 1024px) 100vw, 1024px\" \/><\/a><\/figure>\n<\/div>\n\n\n<p><\/p>\n","protected":false},"excerpt":{"rendered":"<p>H\u00e8 natu u Nutizialingua ! A squadra di i CPC-LCC h\u00e8 felice d&rsquo;annunzi\u00e0 vi a creazione di u NUTIZIALINGUA &#8211; \u00ab\u00a0\u00c8 stu mese ch\u00ec femu\u00a0\u00bb. Sta rivista h\u00e0 p\u00e8 scopu di sparte un inseme di ducumenti (scritti, audio, letture, esercizi, canzone, cuntrasti, fiure, puesie&#8230;), \u00e8 di pruposte pedagogiche da mette in ballu in e scole, [&hellip;]<\/p>\n","protected":false},"author":62,"featured_media":0,"parent":0,"menu_order":0,"comment_status":"closed","ping_status":"closed","template":"","meta":{"footnotes":""},"class_list":["post-188","page","type-page","status-publish","hentry"],"_links":{"self":[{"href":"https:\/\/sites.ac-corse.fr\/lcc\/wp-json\/wp\/v2\/pages\/188","targetHints":{"allow":["GET"]}}],"collection":[{"href":"https:\/\/sites.ac-corse.fr\/lcc\/wp-json\/wp\/v2\/pages"}],"about":[{"href":"https:\/\/sites.ac-corse.fr\/lcc\/wp-json\/wp\/v2\/types\/page"}],"author":[{"embeddable":true,"href":"https:\/\/sites.ac-corse.fr\/lcc\/wp-json\/wp\/v2\/users\/62"}],"replies":[{"embeddable":true,"href":"https:\/\/sites.ac-corse.fr\/lcc\/wp-json\/wp\/v2\/comments?post=188"}],"version-history":[{"count":10,"href":"https:\/\/sites.ac-corse.fr\/lcc\/wp-json\/wp\/v2\/pages\/188\/revisions"}],"predecessor-version":[{"id":634,"href":"https:\/\/sites.ac-corse.fr\/lcc\/wp-json\/wp\/v2\/pages\/188\/revisions\/634"}],"wp:attachment":[{"href":"https:\/\/sites.ac-corse.fr\/lcc\/wp-json\/wp\/v2\/media?parent=188"}],"curies":[{"name":"wp","href":"https:\/\/api.w.org\/{rel}","templated":true}]}}