{"id":205,"date":"2022-10-04T12:23:35","date_gmt":"2022-10-04T10:23:35","guid":{"rendered":"https:\/\/sites.ac-corse.fr\/lcc\/?page_id=205"},"modified":"2024-10-17T13:47:36","modified_gmt":"2024-10-17T11:47:36","slug":"la-lettre-cadre","status":"publish","type":"page","link":"https:\/\/sites.ac-corse.fr\/lcc\/la-lettre-cadre\/","title":{"rendered":"La lettre-cadre"},"content":{"rendered":"\n<h2 class=\"wp-block-heading\"><strong><mark style=\"background-color:rgba(0, 0, 0, 0)\" class=\"has-inline-color has-colibri-color-5-color\">&#8211;<\/mark><\/strong><\/h2>\n\n\n\n<h2 class=\"wp-block-heading\"><mark style=\"background-color:rgba(0, 0, 0, 0)\" class=\"has-inline-color has-colibri-color-1-color\">Dispositif acad\u00e9mique de l&rsquo;enseignement de la langue corse pour le 1er et le 2nd degr\u00e9s &#8211; Mars 2024<\/mark><\/h2>\n\n\n\n<div data-wp-interactive=\"core\/file\" class=\"wp-block-file\"><object data-wp-bind--hidden=\"!state.hasPdfPreview\" hidden class=\"wp-block-file__embed\" data=\"https:\/\/sites.ac-corse.fr\/lcc\/wp-content\/uploads\/sites\/28\/2024\/03\/lettre-cadre-enseignement-langue-corse-mars-2024.pdf\" type=\"application\/pdf\" style=\"width:100%;height:600px\" aria-label=\"Contenu embarqu\u00e9 lettre-cadre-enseignement-langue-corse-mars-2024.\"><\/object><a id=\"wp-block-file--media-7a18d49f-7252-4739-b658-18092715bee6\" href=\"https:\/\/sites.ac-corse.fr\/lcc\/wp-content\/uploads\/sites\/28\/2024\/03\/lettre-cadre-enseignement-langue-corse-mars-2024.pdf\">lettre-cadre-enseignement-langue-corse-mars-2024<\/a><a href=\"https:\/\/sites.ac-corse.fr\/lcc\/wp-content\/uploads\/sites\/28\/2024\/03\/lettre-cadre-enseignement-langue-corse-mars-2024.pdf\" class=\"wp-block-file__button wp-element-button\" download aria-describedby=\"wp-block-file--media-7a18d49f-7252-4739-b658-18092715bee6\">T\u00e9l\u00e9charger<\/a><\/div>\n\n\n\n<h2 class=\"wp-block-heading\"><mark style=\"background-color:rgba(0, 0, 0, 0)\" class=\"has-inline-color has-colibri-color-1-color\"> <\/mark><\/h2>\n\n\n\n<h2 class=\"wp-block-heading\">T\u00e9l\u00e9charger les annexes :<\/h2>\n\n\n\n<p><strong><a href=\"https:\/\/www.ac-corse.fr\/media\/24074\/download\" target=\"_blank\" rel=\"noreferrer noopener\">Annexe 1 &#8211; Demande d&rsquo;ouverture de site bilingue<\/a><\/strong><\/p>\n\n\n\n<p><strong><a href=\"https:\/\/www.ac-corse.fr\/media\/24077\/download\" target=\"_blank\" rel=\"noreferrer noopener\">Annexe 2 &#8211; Appel \u00e0 projet immersif<\/a><\/strong><\/p>\n\n\n\n<p><strong><a href=\"https:\/\/www.ac-corse.fr\/media\/24080\/download\" target=\"_blank\" rel=\"noreferrer noopener\">Annexe 3 &#8211; Am\u00e9nagement de parcours r\u00e9int\u00e9gration en cursus non-bilingue<\/a> <\/strong><\/p>\n\n\n\n<p><strong><a href=\"https:\/\/sites.ac-corse.fr\/lcc\/wp-content\/uploads\/sites\/28\/2024\/03\/Annexe-4-demande-dadmission-en-filiere-bilingue-24-25.pdf\">Annexe 4 &#8211; Demande de changement de fili\u00e8re du standard vers le bilingue<\/a><\/strong><\/p>\n\n\n\n<p><strong><a href=\"https:\/\/sites.ac-corse.fr\/lcc\/wp-content\/uploads\/sites\/28\/2024\/03\/Annexe-5-etat-des-lieux-en-etablissement.pdf\">Annexe 5 &#8211; Etat des lieux en \u00e9tablissement <\/a><\/strong><\/p>\n\n\n\n<p><b><a href=\"https:\/\/sites.ac-corse.fr\/lcc\/wp-content\/uploads\/sites\/28\/2024\/03\/Annexe-6-mise-en-oeuvre-dun-enseignement-bilingue-dans-le-2nd-degre.pdf\">Annexe 6 &#8211; Mise en <\/a><\/b><strong><a href=\"https:\/\/sites.ac-corse.fr\/lcc\/wp-content\/uploads\/sites\/28\/2024\/03\/Annexe-6-mise-en-oeuvre-dun-enseignement-bilingue-dans-le-2nd-degre.pdf\">\u0153uvre d&rsquo;un enseignement bilingue dans le second degr\u00e9 <\/a><\/strong><\/p>\n\n\n\n<p><\/p>\n","protected":false},"excerpt":{"rendered":"<p>&#8211; Dispositif acad\u00e9mique de l&rsquo;enseignement de la langue corse pour le 1er et le 2nd degr\u00e9s &#8211; Mars 2024 T\u00e9l\u00e9charger les annexes : Annexe 1 &#8211; Demande d&rsquo;ouverture de site bilingue Annexe 2 &#8211; Appel \u00e0 projet immersif Annexe 3 &#8211; Am\u00e9nagement de parcours r\u00e9int\u00e9gration en cursus non-bilingue Annexe 4 &#8211; Demande de changement de [&hellip;]<\/p>\n","protected":false},"author":62,"featured_media":0,"parent":0,"menu_order":0,"comment_status":"closed","ping_status":"closed","template":"","meta":{"footnotes":""},"class_list":["post-205","page","type-page","status-publish","hentry"],"_links":{"self":[{"href":"https:\/\/sites.ac-corse.fr\/lcc\/wp-json\/wp\/v2\/pages\/205","targetHints":{"allow":["GET"]}}],"collection":[{"href":"https:\/\/sites.ac-corse.fr\/lcc\/wp-json\/wp\/v2\/pages"}],"about":[{"href":"https:\/\/sites.ac-corse.fr\/lcc\/wp-json\/wp\/v2\/types\/page"}],"author":[{"embeddable":true,"href":"https:\/\/sites.ac-corse.fr\/lcc\/wp-json\/wp\/v2\/users\/62"}],"replies":[{"embeddable":true,"href":"https:\/\/sites.ac-corse.fr\/lcc\/wp-json\/wp\/v2\/comments?post=205"}],"version-history":[{"count":11,"href":"https:\/\/sites.ac-corse.fr\/lcc\/wp-json\/wp\/v2\/pages\/205\/revisions"}],"predecessor-version":[{"id":896,"href":"https:\/\/sites.ac-corse.fr\/lcc\/wp-json\/wp\/v2\/pages\/205\/revisions\/896"}],"wp:attachment":[{"href":"https:\/\/sites.ac-corse.fr\/lcc\/wp-json\/wp\/v2\/media?parent=205"}],"curies":[{"name":"wp","href":"https:\/\/api.w.org\/{rel}","templated":true}]}}