{"id":206,"date":"2022-10-04T12:23:35","date_gmt":"2022-10-04T10:23:35","guid":{"rendered":"https:\/\/sites.ac-corse.fr\/lcc\/?page_id=206"},"modified":"2023-07-17T16:17:07","modified_gmt":"2023-07-17T14:17:07","slug":"lenseignement-extensif","status":"publish","type":"page","link":"https:\/\/sites.ac-corse.fr\/lcc\/lenseignement-extensif\/","title":{"rendered":"L&rsquo;insignamentu di e tr\u00e8 ore\/L\u2019enseignement extensif"},"content":{"rendered":"\n<p><mark style=\"background-color:#f79007\" class=\"has-inline-color\"><\/mark><\/p>\n\n\n\n<p>La loi n\u00b02002-92 du 22 janvier 2002 relative \u00e0 la Corse dispose, en son article 7, que \u00ab la langue corse est une mati\u00e8re enseign\u00e9e dans le cadre de l\u2019horaire normal des \u00e9coles maternelles et \u00e9l\u00e9mentaires de Corse \u00bb (article L.312-11-1 du Code de l\u2019\u00e9ducation). Dans ce cadre, un enseignement hebdomadaire doit figurer \u00e0 l\u2019emploi du temps de toutes les classes du premier degr\u00e9 pour, a minima, trois heures. Cet enseignement peut \u00eatre assur\u00e9 par le professeur de la classe, un autre professeur de l\u2019\u00e9cole dans le cadre d\u2019\u00e9changes de service ou par un intervenant ext\u00e9rieur habilit\u00e9, en pr\u00e9sence du professeur de la classe et sous sa responsabilit\u00e9 p\u00e9dagogique.<\/p>\n\n\n\n<p>L&rsquo;enseignement extensif doit faire l&rsquo;objet d&rsquo;une <strong>programmation inter-cycles<\/strong> et doit permettre de d\u00e9velopper les 5 comp\u00e9tences langagi\u00e8res :<\/p>\n\n\n\n<ul class=\"wp-block-list\">\n<li>comprendre, r\u00e9agir et parler en interaction orale<\/li>\n\n\n\n<li>comprendre l&rsquo;oral<\/li>\n\n\n\n<li>parler en continu<\/li>\n\n\n\n<li>lire<\/li>\n\n\n\n<li>\u00e9crire<\/li>\n<\/ul>\n\n\n\n<p>Le B.O n\u00b0 9 du 27 septembre 2007 est le document de r\u00e9f\u00e9rence pour b\u00e2tir cette programmation (cf ressources institutionnelles)<\/p>\n\n\n\n<p>L&rsquo;enseignement extensif r\u00e9pond aux m\u00eames exigences qu&rsquo;une s\u00e9ance de langue :<\/p>\n\n\n\n<ul class=\"wp-block-list\">\n<li>rituels : installer la situation de communication<\/li>\n\n\n\n<li>rebrassage : assurer les acquis ant\u00e9rieurs qui vont socler la nouvelle notion<\/li>\n\n\n\n<li>d\u00e9couverte et m\u00e9morisation d&rsquo;\u00e9l\u00e9ments linguistiques nouveaux<\/li>\n\n\n\n<li>appropriation et r\u00e9investissement : activit\u00e9s guid\u00e9es dans des situations interactives<\/li>\n\n\n\n<li>trace \u00e9crite<\/li>\n\n\n\n<li>phonologie : attirer l&rsquo;attention sur certains faits de langue<\/li>\n\n\n\n<li>rituels de fin<br><\/li>\n<\/ul>\n\n\n\n<p>Voir : liens vers ressources institutionnelles<\/p>\n","protected":false},"excerpt":{"rendered":"<p>La loi n\u00b02002-92 du 22 janvier 2002 relative \u00e0 la Corse dispose, en son article 7, que \u00ab la langue corse est une mati\u00e8re enseign\u00e9e dans le cadre de l\u2019horaire normal des \u00e9coles maternelles et \u00e9l\u00e9mentaires de Corse \u00bb (article L.312-11-1 du Code de l\u2019\u00e9ducation). Dans ce cadre, un enseignement hebdomadaire doit figurer \u00e0 l\u2019emploi [&hellip;]<\/p>\n","protected":false},"author":62,"featured_media":0,"parent":0,"menu_order":0,"comment_status":"closed","ping_status":"closed","template":"","meta":{"footnotes":""},"class_list":["post-206","page","type-page","status-publish","hentry"],"_links":{"self":[{"href":"https:\/\/sites.ac-corse.fr\/lcc\/wp-json\/wp\/v2\/pages\/206","targetHints":{"allow":["GET"]}}],"collection":[{"href":"https:\/\/sites.ac-corse.fr\/lcc\/wp-json\/wp\/v2\/pages"}],"about":[{"href":"https:\/\/sites.ac-corse.fr\/lcc\/wp-json\/wp\/v2\/types\/page"}],"author":[{"embeddable":true,"href":"https:\/\/sites.ac-corse.fr\/lcc\/wp-json\/wp\/v2\/users\/62"}],"replies":[{"embeddable":true,"href":"https:\/\/sites.ac-corse.fr\/lcc\/wp-json\/wp\/v2\/comments?post=206"}],"version-history":[{"count":7,"href":"https:\/\/sites.ac-corse.fr\/lcc\/wp-json\/wp\/v2\/pages\/206\/revisions"}],"predecessor-version":[{"id":473,"href":"https:\/\/sites.ac-corse.fr\/lcc\/wp-json\/wp\/v2\/pages\/206\/revisions\/473"}],"wp:attachment":[{"href":"https:\/\/sites.ac-corse.fr\/lcc\/wp-json\/wp\/v2\/media?parent=206"}],"curies":[{"name":"wp","href":"https:\/\/api.w.org\/{rel}","templated":true}]}}