{"id":208,"date":"2022-10-04T12:23:35","date_gmt":"2022-10-04T10:23:35","guid":{"rendered":"https:\/\/sites.ac-corse.fr\/lcc\/?page_id=208"},"modified":"2023-07-18T13:13:40","modified_gmt":"2023-07-18T11:13:40","slug":"levaluation-des-eleves","status":"publish","type":"page","link":"https:\/\/sites.ac-corse.fr\/lcc\/levaluation-des-eleves\/","title":{"rendered":"A valutazione di i sculari\/L\u2019\u00e9valuation des \u00e9l\u00e8ves"},"content":{"rendered":"\n<p><strong>Les \u00e9valuations acad\u00e9miques<\/strong> :<\/p>\n\n\n\n<p>Con\u00e7ues par l&rsquo;\u00e9quipe de formateurs acad\u00e9miques et le r\u00e9seau CANOPE, ces \u00e9valuations constituent un v\u00e9ritable outil de pilotage qui, en compl\u00e9ment de celle r\u00e9alis\u00e9e dans le cadre de la classe et de l\u2019\u00e9cole, doit permettre de :<\/p>\n\n\n\n<p>&#8211;&nbsp; Mesurer et valoriser les comp\u00e9tences acquises par les \u00e9l\u00e8ves de notre acad\u00e9mie en langue corse ;<\/p>\n\n\n\n<p>&#8211;&nbsp; Identifier les domaines qui seraient peu ou mal ma\u00eetris\u00e9s et permettre ainsi d\u2019\u00e9laborer des strat\u00e9gies de rem\u00e9diation<\/p>\n\n\n\n<p>&#8211;\u00a0 Permettre une meilleure continuit\u00e9 dans le parcours linguistique de l\u2019\u00e9l\u00e8ve<\/p>\n\n\n\n<p><\/p>\n\n\n\n<figure class=\"wp-block-image size-full\"><img loading=\"lazy\" decoding=\"async\" width=\"600\" height=\"338\" src=\"https:\/\/sites.ac-corse.fr\/lcc\/wp-content\/uploads\/sites\/28\/2023\/07\/image-2.png\" alt=\"\" class=\"wp-image-490\" srcset=\"https:\/\/sites.ac-corse.fr\/lcc\/wp-content\/uploads\/sites\/28\/2023\/07\/image-2.png 600w, https:\/\/sites.ac-corse.fr\/lcc\/wp-content\/uploads\/sites\/28\/2023\/07\/image-2-300x169.png 300w\" sizes=\"auto, (max-width: 600px) 100vw, 600px\" \/><\/figure>\n\n\n\n<p><strong>L&rsquo;\u00e9valuation en classe bilingue<\/strong> :<\/p>\n\n\n\n<p>En classe bilingue, l\u2019enseignant doit prendre en compte les deux composantes de l&rsquo;enseignement bilingue\u00a0: la composante linguistique et la composante disciplinaire qui, sans cesse m\u00eal\u00e9es, doivent \u00eatre \u00e9valu\u00e9es s\u00e9par\u00e9ment. La composante linguistique sera \u00e9valu\u00e9e \u00e0 partir des enseignements dont elle aura fait l&rsquo;objet, au sein de la discipline (tressage langues\/discipline).<\/p>\n\n\n\n<p>Concernant la langue-objet, les comp\u00e9tences langagi\u00e8res doivent \u00eatre r\u00e9guli\u00e8rement \u00e9valu\u00e9es au regard de l&rsquo;enseignement qui leur aura \u00e9t\u00e9 d\u00e9di\u00e9.<\/p>\n","protected":false},"excerpt":{"rendered":"<p>Les \u00e9valuations acad\u00e9miques : Con\u00e7ues par l&rsquo;\u00e9quipe de formateurs acad\u00e9miques et le r\u00e9seau CANOPE, ces \u00e9valuations constituent un v\u00e9ritable outil de pilotage qui, en compl\u00e9ment de celle r\u00e9alis\u00e9e dans le cadre de la classe et de l\u2019\u00e9cole, doit permettre de : &#8211;&nbsp; Mesurer et valoriser les comp\u00e9tences acquises par les \u00e9l\u00e8ves de notre acad\u00e9mie en [&hellip;]<\/p>\n","protected":false},"author":62,"featured_media":0,"parent":0,"menu_order":0,"comment_status":"closed","ping_status":"closed","template":"","meta":{"footnotes":""},"class_list":["post-208","page","type-page","status-publish","hentry"],"_links":{"self":[{"href":"https:\/\/sites.ac-corse.fr\/lcc\/wp-json\/wp\/v2\/pages\/208","targetHints":{"allow":["GET"]}}],"collection":[{"href":"https:\/\/sites.ac-corse.fr\/lcc\/wp-json\/wp\/v2\/pages"}],"about":[{"href":"https:\/\/sites.ac-corse.fr\/lcc\/wp-json\/wp\/v2\/types\/page"}],"author":[{"embeddable":true,"href":"https:\/\/sites.ac-corse.fr\/lcc\/wp-json\/wp\/v2\/users\/62"}],"replies":[{"embeddable":true,"href":"https:\/\/sites.ac-corse.fr\/lcc\/wp-json\/wp\/v2\/comments?post=208"}],"version-history":[{"count":3,"href":"https:\/\/sites.ac-corse.fr\/lcc\/wp-json\/wp\/v2\/pages\/208\/revisions"}],"predecessor-version":[{"id":492,"href":"https:\/\/sites.ac-corse.fr\/lcc\/wp-json\/wp\/v2\/pages\/208\/revisions\/492"}],"wp:attachment":[{"href":"https:\/\/sites.ac-corse.fr\/lcc\/wp-json\/wp\/v2\/media?parent=208"}],"curies":[{"name":"wp","href":"https:\/\/api.w.org\/{rel}","templated":true}]}}