{"id":226,"date":"2022-10-04T12:30:31","date_gmt":"2022-10-04T10:30:31","guid":{"rendered":"https:\/\/sites.ac-corse.fr\/lcc\/?page_id=226"},"modified":"2024-10-04T11:51:17","modified_gmt":"2024-10-04T09:51:17","slug":"habilitation","status":"publish","type":"page","link":"https:\/\/sites.ac-corse.fr\/lcc\/habilitation\/","title":{"rendered":"Habilitation\/abbilitazione"},"content":{"rendered":"\n<h2 class=\"wp-block-heading\"><mark style=\"background-color:rgba(0, 0, 0, 0)\" class=\"has-inline-color has-colibri-color-5-color\">&#8211;<\/mark><\/h2>\n\n\n\n<h2 class=\"wp-block-heading\"><mark style=\"background-color:#6632ff\" class=\"has-inline-color has-colibri-color-5-color\">Habilitation en langue corse dans le 1er degr\u00e9<\/mark><\/h2>\n\n\n\n<blockquote class=\"wp-block-quote is-layout-flow wp-block-quote-is-layout-flow\">\n<ul class=\"wp-block-list\">\n<li><strong><mark style=\"background-color:rgba(0, 0, 0, 0)\" class=\"has-inline-color has-colibri-color-2-color\">Le d\u00e9roulement des \u00e9preuves<\/mark><\/strong><\/li>\n<\/ul>\n<\/blockquote>\n\n\n\n<div\n    class='wp-block-pdfp-pdf-poster  alignnone'\n    id='block-1'\n    data-attributes='{&quot;uniqueId&quot;:&quot;pdfp2b5dfbb9&quot;,&quot;file&quot;:&quot;https:\\\/\\\/sites.ac-corse.fr\\\/lcc\\\/wp-content\\\/uploads\\\/sites\\\/28\\\/2023\\\/01\\\/Deroulement-des-epreuves-dhabilitation.pdf&quot;,&quot;adobeOptions&quot;:{&quot;showDownloadPDF&quot;:true,&quot;showPrintPDF&quot;:true,&quot;showAnnotationTools&quot;:true,&quot;showFullScreen&quot;:false,&quot;embedMode&quot;:&quot;SIZED_CONTAINER&quot;,&quot;updated&quot;:true},&quot;CSS&quot;:&quot;.pdfp2b5dfbb9btn {background: #2271b1; color: #fff; padding: 10px 20px 10px 10px}&quot;,&quot;align&quot;:&quot;none&quot;,&quot;alignment&quot;:&quot;left&quot;,&quot;title&quot;:&quot;&quot;,&quot;titleFontSize&quot;:&quot;16px&quot;,&quot;height&quot;:{&quot;desktop&quot;:&quot;840px&quot;,&quot;tablet&quot;:&quot;700px&quot;,&quot;mobile&quot;:&quot;400px&quot;},&quot;width&quot;:{&quot;desktop&quot;:&quot;100%&quot;,&quot;tablet&quot;:&quot;100%&quot;,&quot;mobile&quot;:&quot;100%&quot;},&quot;showName&quot;:false,&quot;print&quot;:false,&quot;onlyPDF&quot;:false,&quot;defaultBrowser&quot;:false,&quot;downloadButton&quot;:false,&quot;downloadButtonText&quot;:&quot;Download File&quot;,&quot;fullscreenButton&quot;:true,&quot;fullscreenButtonText&quot;:&quot;View Fullscreen&quot;,&quot;actionsPosition&quot;:&quot;top&quot;,&quot;newWindow&quot;:false,&quot;protect&quot;:false,&quot;thumbMenu&quot;:false,&quot;sidebarOpen&quot;:false,&quot;initialPage&quot;:0,&quot;alert&quot;:false,&quot;lastVersion&quot;:false,&quot;hrScroll&quot;:false,&quot;isHideRightToolbar&quot;:false,&quot;additional&quot;:{&quot;ID&quot;:&quot;&quot;,&quot;Class&quot;:&quot;&quot;,&quot;CSS&quot;:&quot;&quot;},&quot;adobeEmbedder&quot;:false,&quot;popupOptions&quot;:{&quot;enabled&quot;:false,&quot;triggerType&quot;:&quot;button&quot;,&quot;image&quot;:&quot;&quot;,&quot;imagePdfIcon&quot;:true,&quot;imageHeight&quot;:&quot;200px&quot;,&quot;imageWidth&quot;:&quot;300px&quot;,&quot;text&quot;:&quot;Open PDF&quot;,&quot;btnStyle&quot;:{&quot;background&quot;:&quot;#2271b1&quot;,&quot;color&quot;:&quot;#fff&quot;,&quot;fontSize&quot;:&quot;16px&quot;,&quot;padding&quot;:{&quot;top&quot;:10,&quot;right&quot;:20,&quot;bottom&quot;:10,&quot;left&quot;:10}}},&quot;popupBtnStyle&quot;:{&quot;background&quot;:&quot;#2271b1&quot;,&quot;color&quot;:&quot;#fff&quot;,&quot;padding&quot;:{&quot;top&quot;:10,&quot;right&quot;:20,&quot;bottom&quot;:10,&quot;left&quot;:10}},&quot;popupBtnText&quot;:&quot;Open Document&quot;,&quot;socialShare&quot;:{&quot;enabled&quot;:false,&quot;facebook&quot;:true,&quot;twitter&quot;:true,&quot;linkedin&quot;:true,&quot;pinterest&quot;:true,&quot;position&quot;:&quot;top&quot;},&quot;isPremium&quot;:false}'\n    style=\"text-align: left\">\n    \n        <iframe loading=\"lazy\" title=\"\" style=\"border:0;\" width=\"100%\" height=\"800px\" class=\"pdfp_unsupported_frame\" src=\"\/\/docs.google.com\/gview?embedded=true&#038;url=https:\/\/sites.ac-corse.fr\/lcc\/wp-content\/uploads\/sites\/28\/2023\/01\/Deroulement-des-epreuves-dhabilitation.pdf\"><\/iframe>\n\n    <\/div>\n\n\n\n<ul class=\"wp-block-list\">\n<li><strong><mark style=\"background-color:rgba(0, 0, 0, 0)\" class=\"has-inline-color has-colibri-color-2-color\">Exemple de sujet<\/mark><\/strong><\/li>\n<\/ul>\n\n\n\n<h2 class=\"wp-block-heading\"><mark style=\"background-color:rgba(0, 0, 0, 0)\" class=\"has-inline-color has-colibri-color-5-color\">&#8211;<\/mark><\/h2>\n\n\n\n<h2 class=\"wp-block-heading\"><mark style=\"background-color:rgba(0, 0, 0, 0)\" class=\"has-inline-color has-colibri-color-5-color\">&#8211;<\/mark><\/h2>\n\n\n\n<h2 class=\"wp-block-heading\"><mark style=\"background-color:rgba(0, 0, 0, 0)\" class=\"has-inline-color has-colibri-color-5-color\">&#8211;<\/mark><\/h2>\n\n\n\n<h2 class=\"wp-block-heading\"><mark style=\"background-color:#6632ff\" class=\"has-inline-color has-colibri-color-5-color\">L&rsquo;habilitation en langue corse dans le 2<sup>d<\/sup> degr\u00e9<\/mark><\/h2>\n\n\n\n<p style=\"font-size:25px\"><\/p>\n\n\n\n<ul class=\"wp-block-list\">\n<li><strong><mark style=\"background-color:rgba(0, 0, 0, 0)\" class=\"has-inline-color has-colibri-color-2-color\">Descriptif des \u00e9preuves<\/mark><\/strong><\/li>\n<\/ul>\n\n\n\n<div\n    class='wp-block-pdfp-pdf-poster  alignnone'\n    id='block-2'\n    data-attributes='{&quot;uniqueId&quot;:&quot;pdfp52b87401&quot;,&quot;file&quot;:&quot;https:\\\/\\\/sites.ac-corse.fr\\\/lcc\\\/wp-content\\\/uploads\\\/sites\\\/28\\\/2023\\\/10\\\/habilitation-en-langue-corse-2d-epreuves.pdf&quot;,&quot;adobeOptions&quot;:{&quot;showDownloadPDF&quot;:true,&quot;showPrintPDF&quot;:true,&quot;showAnnotationTools&quot;:true,&quot;showFullScreen&quot;:false,&quot;embedMode&quot;:&quot;SIZED_CONTAINER&quot;,&quot;updated&quot;:true},&quot;CSS&quot;:&quot;.pdfp52b87401btn {background: #2271b1; color: #fff; padding: 10px 20px 10px 10px}&quot;,&quot;align&quot;:&quot;none&quot;,&quot;alignment&quot;:&quot;left&quot;,&quot;title&quot;:&quot;&quot;,&quot;titleFontSize&quot;:&quot;16px&quot;,&quot;height&quot;:{&quot;desktop&quot;:&quot;840px&quot;,&quot;tablet&quot;:&quot;700px&quot;,&quot;mobile&quot;:&quot;400px&quot;},&quot;width&quot;:{&quot;desktop&quot;:&quot;100%&quot;,&quot;tablet&quot;:&quot;100%&quot;,&quot;mobile&quot;:&quot;100%&quot;},&quot;showName&quot;:false,&quot;print&quot;:false,&quot;onlyPDF&quot;:false,&quot;defaultBrowser&quot;:false,&quot;downloadButton&quot;:false,&quot;downloadButtonText&quot;:&quot;Download File&quot;,&quot;fullscreenButton&quot;:true,&quot;fullscreenButtonText&quot;:&quot;View Fullscreen&quot;,&quot;actionsPosition&quot;:&quot;top&quot;,&quot;newWindow&quot;:false,&quot;protect&quot;:false,&quot;thumbMenu&quot;:false,&quot;sidebarOpen&quot;:false,&quot;initialPage&quot;:0,&quot;alert&quot;:false,&quot;lastVersion&quot;:false,&quot;hrScroll&quot;:false,&quot;isHideRightToolbar&quot;:false,&quot;additional&quot;:{&quot;ID&quot;:&quot;&quot;,&quot;Class&quot;:&quot;&quot;,&quot;CSS&quot;:&quot;&quot;},&quot;adobeEmbedder&quot;:false,&quot;popupOptions&quot;:{&quot;enabled&quot;:false,&quot;triggerType&quot;:&quot;button&quot;,&quot;image&quot;:&quot;&quot;,&quot;imagePdfIcon&quot;:true,&quot;imageHeight&quot;:&quot;200px&quot;,&quot;imageWidth&quot;:&quot;300px&quot;,&quot;text&quot;:&quot;Open PDF&quot;,&quot;btnStyle&quot;:{&quot;background&quot;:&quot;#2271b1&quot;,&quot;color&quot;:&quot;#fff&quot;,&quot;fontSize&quot;:&quot;16px&quot;,&quot;padding&quot;:{&quot;top&quot;:10,&quot;right&quot;:20,&quot;bottom&quot;:10,&quot;left&quot;:10}}},&quot;popupBtnStyle&quot;:{&quot;background&quot;:&quot;#2271b1&quot;,&quot;color&quot;:&quot;#fff&quot;,&quot;padding&quot;:{&quot;top&quot;:10,&quot;right&quot;:20,&quot;bottom&quot;:10,&quot;left&quot;:10}},&quot;popupBtnText&quot;:&quot;Open Document&quot;,&quot;socialShare&quot;:{&quot;enabled&quot;:false,&quot;facebook&quot;:true,&quot;twitter&quot;:true,&quot;linkedin&quot;:true,&quot;pinterest&quot;:true,&quot;position&quot;:&quot;top&quot;},&quot;isPremium&quot;:false}'\n    style=\"text-align: left\">\n    \n        <iframe loading=\"lazy\" title=\"\" style=\"border:0;\" width=\"100%\" height=\"800px\" class=\"pdfp_unsupported_frame\" src=\"\/\/docs.google.com\/gview?embedded=true&#038;url=https:\/\/sites.ac-corse.fr\/lcc\/wp-content\/uploads\/sites\/28\/2023\/10\/habilitation-en-langue-corse-2d-epreuves.pdf\"><\/iframe>\n\n    <\/div>\n\n\n\n<p style=\"font-size:25px\"><\/p>\n\n\n\n<ul class=\"wp-block-list\">\n<li><strong><mark style=\"background-color:rgba(0, 0, 0, 0)\" class=\"has-inline-color has-colibri-color-2-color\">Formulaire de candidature \u00e0 l&rsquo;habilitation LCC<\/mark><\/strong><\/li>\n<\/ul>\n\n\n\n<div\n    class='wp-block-pdfp-pdf-poster  alignnone'\n    id='block-3'\n    data-attributes='{&quot;uniqueId&quot;:&quot;pdfpec721608&quot;,&quot;file&quot;:&quot;https:\\\/\\\/sites.ac-corse.fr\\\/lcc\\\/wp-content\\\/uploads\\\/sites\\\/28\\\/2023\\\/10\\\/Formulaire-vierge-de-candidature-a-lhabilitation-LCC.pdf&quot;,&quot;adobeOptions&quot;:{&quot;showDownloadPDF&quot;:true,&quot;showPrintPDF&quot;:true,&quot;showAnnotationTools&quot;:true,&quot;showFullScreen&quot;:false,&quot;embedMode&quot;:&quot;SIZED_CONTAINER&quot;,&quot;updated&quot;:true},&quot;CSS&quot;:&quot;.pdfpec721608btn {background: #2271b1; color: #fff; padding: 10px 20px 10px 10px}&quot;,&quot;align&quot;:&quot;none&quot;,&quot;alignment&quot;:&quot;left&quot;,&quot;title&quot;:&quot;&quot;,&quot;titleFontSize&quot;:&quot;16px&quot;,&quot;height&quot;:{&quot;desktop&quot;:&quot;840px&quot;,&quot;tablet&quot;:&quot;700px&quot;,&quot;mobile&quot;:&quot;400px&quot;},&quot;width&quot;:{&quot;desktop&quot;:&quot;100%&quot;,&quot;tablet&quot;:&quot;100%&quot;,&quot;mobile&quot;:&quot;100%&quot;},&quot;showName&quot;:false,&quot;print&quot;:false,&quot;onlyPDF&quot;:false,&quot;defaultBrowser&quot;:false,&quot;downloadButton&quot;:false,&quot;downloadButtonText&quot;:&quot;Download File&quot;,&quot;fullscreenButton&quot;:true,&quot;fullscreenButtonText&quot;:&quot;View Fullscreen&quot;,&quot;actionsPosition&quot;:&quot;top&quot;,&quot;newWindow&quot;:false,&quot;protect&quot;:false,&quot;thumbMenu&quot;:false,&quot;sidebarOpen&quot;:false,&quot;initialPage&quot;:0,&quot;alert&quot;:false,&quot;lastVersion&quot;:false,&quot;hrScroll&quot;:false,&quot;isHideRightToolbar&quot;:false,&quot;additional&quot;:{&quot;ID&quot;:&quot;&quot;,&quot;Class&quot;:&quot;&quot;,&quot;CSS&quot;:&quot;&quot;},&quot;adobeEmbedder&quot;:false,&quot;popupOptions&quot;:{&quot;enabled&quot;:false,&quot;triggerType&quot;:&quot;button&quot;,&quot;image&quot;:&quot;&quot;,&quot;imagePdfIcon&quot;:true,&quot;imageHeight&quot;:&quot;200px&quot;,&quot;imageWidth&quot;:&quot;300px&quot;,&quot;text&quot;:&quot;Open PDF&quot;,&quot;btnStyle&quot;:{&quot;background&quot;:&quot;#2271b1&quot;,&quot;color&quot;:&quot;#fff&quot;,&quot;fontSize&quot;:&quot;16px&quot;,&quot;padding&quot;:{&quot;top&quot;:10,&quot;right&quot;:20,&quot;bottom&quot;:10,&quot;left&quot;:10}}},&quot;popupBtnStyle&quot;:{&quot;background&quot;:&quot;#2271b1&quot;,&quot;color&quot;:&quot;#fff&quot;,&quot;padding&quot;:{&quot;top&quot;:10,&quot;right&quot;:20,&quot;bottom&quot;:10,&quot;left&quot;:10}},&quot;popupBtnText&quot;:&quot;Open Document&quot;,&quot;socialShare&quot;:{&quot;enabled&quot;:false,&quot;facebook&quot;:true,&quot;twitter&quot;:true,&quot;linkedin&quot;:true,&quot;pinterest&quot;:true,&quot;position&quot;:&quot;top&quot;},&quot;isPremium&quot;:false}'\n    style=\"text-align: left\">\n    \n        <iframe loading=\"lazy\" title=\"\" style=\"border:0;\" width=\"100%\" height=\"800px\" class=\"pdfp_unsupported_frame\" src=\"\/\/docs.google.com\/gview?embedded=true&#038;url=https:\/\/sites.ac-corse.fr\/lcc\/wp-content\/uploads\/sites\/28\/2023\/10\/Formulaire-vierge-de-candidature-a-lhabilitation-LCC.pdf\"><\/iframe>\n\n    <\/div>\n\n\n\n<p style=\"font-size:25px\"><\/p>\n\n\n\n<ul class=\"wp-block-list\">\n<li class=\"has-medium-font-size\"><strong><mark style=\"background-color:rgba(0, 0, 0, 0)\" class=\"has-inline-color has-colibri-color-2-color\">Exemple de sujet<\/mark><\/strong><\/li>\n<\/ul>\n\n\n\n<div\n    class='wp-block-pdfp-pdf-poster  alignnone'\n    id='block-4'\n    data-attributes='{&quot;uniqueId&quot;:&quot;pdfpa3e87060&quot;,&quot;file&quot;:&quot;https:\\\/\\\/sites.ac-corse.fr\\\/lcc\\\/wp-content\\\/uploads\\\/sites\\\/28\\\/2024\\\/07\\\/habilitation-en-langue-corse-sujet-0.pdf&quot;,&quot;adobeOptions&quot;:{&quot;showDownloadPDF&quot;:true,&quot;showPrintPDF&quot;:true,&quot;showAnnotationTools&quot;:true,&quot;showFullScreen&quot;:false,&quot;embedMode&quot;:&quot;SIZED_CONTAINER&quot;,&quot;updated&quot;:true},&quot;CSS&quot;:&quot;.pdfpa3e87060btn {background: #2271b1; color: #fff; padding: 10px 20px 10px 10px}&quot;,&quot;align&quot;:&quot;none&quot;,&quot;alignment&quot;:&quot;left&quot;,&quot;title&quot;:&quot;&quot;,&quot;titleFontSize&quot;:&quot;16px&quot;,&quot;height&quot;:{&quot;desktop&quot;:&quot;840px&quot;,&quot;tablet&quot;:&quot;700px&quot;,&quot;mobile&quot;:&quot;400px&quot;},&quot;width&quot;:{&quot;desktop&quot;:&quot;100%&quot;,&quot;tablet&quot;:&quot;100%&quot;,&quot;mobile&quot;:&quot;100%&quot;},&quot;showName&quot;:false,&quot;print&quot;:false,&quot;onlyPDF&quot;:false,&quot;defaultBrowser&quot;:false,&quot;downloadButton&quot;:false,&quot;downloadButtonText&quot;:&quot;Download File&quot;,&quot;fullscreenButton&quot;:true,&quot;fullscreenButtonText&quot;:&quot;View Fullscreen&quot;,&quot;actionsPosition&quot;:&quot;top&quot;,&quot;newWindow&quot;:false,&quot;protect&quot;:false,&quot;thumbMenu&quot;:false,&quot;sidebarOpen&quot;:false,&quot;initialPage&quot;:0,&quot;alert&quot;:false,&quot;lastVersion&quot;:false,&quot;hrScroll&quot;:false,&quot;isHideRightToolbar&quot;:false,&quot;additional&quot;:{&quot;ID&quot;:&quot;&quot;,&quot;Class&quot;:&quot;&quot;,&quot;CSS&quot;:&quot;&quot;},&quot;adobeEmbedder&quot;:false,&quot;popupOptions&quot;:{&quot;enabled&quot;:false,&quot;triggerType&quot;:&quot;button&quot;,&quot;image&quot;:&quot;&quot;,&quot;imagePdfIcon&quot;:true,&quot;imageHeight&quot;:&quot;200px&quot;,&quot;imageWidth&quot;:&quot;300px&quot;,&quot;text&quot;:&quot;Open PDF&quot;,&quot;btnStyle&quot;:{&quot;background&quot;:&quot;#2271b1&quot;,&quot;color&quot;:&quot;#fff&quot;,&quot;fontSize&quot;:&quot;16px&quot;,&quot;padding&quot;:{&quot;top&quot;:10,&quot;right&quot;:20,&quot;bottom&quot;:10,&quot;left&quot;:10}}},&quot;popupBtnStyle&quot;:{&quot;background&quot;:&quot;#2271b1&quot;,&quot;color&quot;:&quot;#fff&quot;,&quot;padding&quot;:{&quot;top&quot;:10,&quot;right&quot;:20,&quot;bottom&quot;:10,&quot;left&quot;:10}},&quot;popupBtnText&quot;:&quot;Open Document&quot;,&quot;socialShare&quot;:{&quot;enabled&quot;:false,&quot;facebook&quot;:true,&quot;twitter&quot;:true,&quot;linkedin&quot;:true,&quot;pinterest&quot;:true,&quot;position&quot;:&quot;top&quot;},&quot;isPremium&quot;:false}'\n    style=\"text-align: left\">\n    \n        <iframe loading=\"lazy\" title=\"\" style=\"border:0;\" width=\"100%\" height=\"800px\" class=\"pdfp_unsupported_frame\" src=\"\/\/docs.google.com\/gview?embedded=true&#038;url=https:\/\/sites.ac-corse.fr\/lcc\/wp-content\/uploads\/sites\/28\/2024\/07\/habilitation-en-langue-corse-sujet-0.pdf\"><\/iframe>\n\n    <\/div>\n\n\n\n<ul style=\"font-size:25px\" class=\"wp-block-list\">\n<li class=\"has-medium-font-size\"><strong><mark style=\"background-color:rgba(0, 0, 0, 0)\" class=\"has-inline-color has-colibri-color-2-color\">Grille de validation des habilitations<\/mark><\/strong><\/li>\n<\/ul>\n\n\n\n<p class=\"has-colibri-color-1-color has-text-color has-link-color wp-elements-3eed7db344348438f29581fa9c88a9c0\">&#8211; Pour les disciplines non linguistiques (EPS, Histoire, Math\u00e9matiques&#8230;)<\/p>\n\n\n\n<div\n    class='wp-block-pdfp-pdf-poster  alignnone'\n    id='block-5'\n    data-attributes='{&quot;uniqueId&quot;:&quot;pdfp3fdef388&quot;,&quot;file&quot;:&quot;https:\\\/\\\/sites.ac-corse.fr\\\/lcc\\\/wp-content\\\/uploads\\\/sites\\\/28\\\/2024\\\/10\\\/visite-de-validation-habilitation-LCC-en-DNL.pdf&quot;,&quot;adobeOptions&quot;:{&quot;showDownloadPDF&quot;:true,&quot;showPrintPDF&quot;:true,&quot;showAnnotationTools&quot;:true,&quot;showFullScreen&quot;:false,&quot;embedMode&quot;:&quot;SIZED_CONTAINER&quot;,&quot;updated&quot;:true},&quot;CSS&quot;:&quot;.pdfp3fdef388btn {background: #2271b1; color: #fff; padding: 10px 20px 10px 10px}&quot;,&quot;align&quot;:&quot;none&quot;,&quot;alignment&quot;:&quot;left&quot;,&quot;title&quot;:&quot;&quot;,&quot;titleFontSize&quot;:&quot;16px&quot;,&quot;height&quot;:{&quot;desktop&quot;:&quot;840px&quot;,&quot;tablet&quot;:&quot;700px&quot;,&quot;mobile&quot;:&quot;400px&quot;},&quot;width&quot;:{&quot;desktop&quot;:&quot;100%&quot;,&quot;tablet&quot;:&quot;100%&quot;,&quot;mobile&quot;:&quot;100%&quot;},&quot;showName&quot;:false,&quot;print&quot;:false,&quot;onlyPDF&quot;:false,&quot;defaultBrowser&quot;:false,&quot;downloadButton&quot;:false,&quot;downloadButtonText&quot;:&quot;Download File&quot;,&quot;fullscreenButton&quot;:true,&quot;fullscreenButtonText&quot;:&quot;View Fullscreen&quot;,&quot;actionsPosition&quot;:&quot;top&quot;,&quot;newWindow&quot;:false,&quot;protect&quot;:false,&quot;thumbMenu&quot;:false,&quot;sidebarOpen&quot;:false,&quot;initialPage&quot;:0,&quot;alert&quot;:false,&quot;lastVersion&quot;:false,&quot;hrScroll&quot;:false,&quot;isHideRightToolbar&quot;:false,&quot;additional&quot;:{&quot;ID&quot;:&quot;&quot;,&quot;Class&quot;:&quot;&quot;,&quot;CSS&quot;:&quot;&quot;},&quot;adobeEmbedder&quot;:false,&quot;popupOptions&quot;:{&quot;enabled&quot;:false,&quot;triggerType&quot;:&quot;button&quot;,&quot;image&quot;:&quot;&quot;,&quot;imagePdfIcon&quot;:true,&quot;imageHeight&quot;:&quot;200px&quot;,&quot;imageWidth&quot;:&quot;300px&quot;,&quot;text&quot;:&quot;Open PDF&quot;,&quot;btnStyle&quot;:{&quot;background&quot;:&quot;#2271b1&quot;,&quot;color&quot;:&quot;#fff&quot;,&quot;fontSize&quot;:&quot;16px&quot;,&quot;padding&quot;:{&quot;top&quot;:10,&quot;right&quot;:20,&quot;bottom&quot;:10,&quot;left&quot;:10}}},&quot;popupBtnStyle&quot;:{&quot;background&quot;:&quot;#2271b1&quot;,&quot;color&quot;:&quot;#fff&quot;,&quot;padding&quot;:{&quot;top&quot;:10,&quot;right&quot;:20,&quot;bottom&quot;:10,&quot;left&quot;:10}},&quot;popupBtnText&quot;:&quot;Open Document&quot;,&quot;socialShare&quot;:{&quot;enabled&quot;:false,&quot;facebook&quot;:true,&quot;twitter&quot;:true,&quot;linkedin&quot;:true,&quot;pinterest&quot;:true,&quot;position&quot;:&quot;top&quot;},&quot;isPremium&quot;:false}'\n    style=\"text-align: left\">\n    \n        <iframe loading=\"lazy\" title=\"\" style=\"border:0;\" width=\"100%\" height=\"800px\" class=\"pdfp_unsupported_frame\" src=\"\/\/docs.google.com\/gview?embedded=true&#038;url=https:\/\/sites.ac-corse.fr\/lcc\/wp-content\/uploads\/sites\/28\/2024\/10\/visite-de-validation-habilitation-LCC-en-DNL.pdf\"><\/iframe>\n\n    <\/div>\n\n\n\n<p class=\"has-colibri-color-1-color has-text-color has-link-color wp-elements-966eb666f59541a0036b64e2d5506301\">&#8211; Pour les disciplines linguistiques (Fran\u00e7ais, Anglais, Espagnol, Italien)<\/p>\n\n\n\n<div\n    class='wp-block-pdfp-pdf-poster  alignnone'\n    id='block-6'\n    data-attributes='{&quot;uniqueId&quot;:&quot;pdfpd9823cea&quot;,&quot;file&quot;:&quot;https:\\\/\\\/sites.ac-corse.fr\\\/lcc\\\/wp-content\\\/uploads\\\/sites\\\/28\\\/2024\\\/10\\\/visite-de-validation-habilitation-LCC-DL.pdf&quot;,&quot;adobeOptions&quot;:{&quot;showDownloadPDF&quot;:true,&quot;showPrintPDF&quot;:true,&quot;showAnnotationTools&quot;:true,&quot;showFullScreen&quot;:false,&quot;embedMode&quot;:&quot;SIZED_CONTAINER&quot;,&quot;updated&quot;:true},&quot;CSS&quot;:&quot;.pdfpd9823ceabtn {background: #2271b1; color: #fff; padding: 10px 20px 10px 10px}&quot;,&quot;align&quot;:&quot;none&quot;,&quot;alignment&quot;:&quot;left&quot;,&quot;title&quot;:&quot;&quot;,&quot;titleFontSize&quot;:&quot;16px&quot;,&quot;height&quot;:{&quot;desktop&quot;:&quot;840px&quot;,&quot;tablet&quot;:&quot;700px&quot;,&quot;mobile&quot;:&quot;400px&quot;},&quot;width&quot;:{&quot;desktop&quot;:&quot;100%&quot;,&quot;tablet&quot;:&quot;100%&quot;,&quot;mobile&quot;:&quot;100%&quot;},&quot;showName&quot;:false,&quot;print&quot;:false,&quot;onlyPDF&quot;:false,&quot;defaultBrowser&quot;:false,&quot;downloadButton&quot;:false,&quot;downloadButtonText&quot;:&quot;Download File&quot;,&quot;fullscreenButton&quot;:true,&quot;fullscreenButtonText&quot;:&quot;View Fullscreen&quot;,&quot;actionsPosition&quot;:&quot;top&quot;,&quot;newWindow&quot;:false,&quot;protect&quot;:false,&quot;thumbMenu&quot;:false,&quot;sidebarOpen&quot;:false,&quot;initialPage&quot;:0,&quot;alert&quot;:false,&quot;lastVersion&quot;:false,&quot;hrScroll&quot;:false,&quot;isHideRightToolbar&quot;:false,&quot;additional&quot;:{&quot;ID&quot;:&quot;&quot;,&quot;Class&quot;:&quot;&quot;,&quot;CSS&quot;:&quot;&quot;},&quot;adobeEmbedder&quot;:false,&quot;popupOptions&quot;:{&quot;enabled&quot;:false,&quot;triggerType&quot;:&quot;button&quot;,&quot;image&quot;:&quot;&quot;,&quot;imagePdfIcon&quot;:true,&quot;imageHeight&quot;:&quot;200px&quot;,&quot;imageWidth&quot;:&quot;300px&quot;,&quot;text&quot;:&quot;Open PDF&quot;,&quot;btnStyle&quot;:{&quot;background&quot;:&quot;#2271b1&quot;,&quot;color&quot;:&quot;#fff&quot;,&quot;fontSize&quot;:&quot;16px&quot;,&quot;padding&quot;:{&quot;top&quot;:10,&quot;right&quot;:20,&quot;bottom&quot;:10,&quot;left&quot;:10}}},&quot;popupBtnStyle&quot;:{&quot;background&quot;:&quot;#2271b1&quot;,&quot;color&quot;:&quot;#fff&quot;,&quot;padding&quot;:{&quot;top&quot;:10,&quot;right&quot;:20,&quot;bottom&quot;:10,&quot;left&quot;:10}},&quot;popupBtnText&quot;:&quot;Open Document&quot;,&quot;socialShare&quot;:{&quot;enabled&quot;:false,&quot;facebook&quot;:true,&quot;twitter&quot;:true,&quot;linkedin&quot;:true,&quot;pinterest&quot;:true,&quot;position&quot;:&quot;top&quot;},&quot;isPremium&quot;:false}'\n    style=\"text-align: left\">\n    \n        <iframe loading=\"lazy\" title=\"\" style=\"border:0;\" width=\"100%\" height=\"800px\" class=\"pdfp_unsupported_frame\" src=\"\/\/docs.google.com\/gview?embedded=true&#038;url=https:\/\/sites.ac-corse.fr\/lcc\/wp-content\/uploads\/sites\/28\/2024\/10\/visite-de-validation-habilitation-LCC-DL.pdf\"><\/iframe>\n\n    <\/div>\n\n\n\n<p><\/p>\n","protected":false},"excerpt":{"rendered":"<p>&#8211; Habilitation en langue corse dans le 1er degr\u00e9 &#8211; &#8211; &#8211; L&rsquo;habilitation en langue corse dans le 2d degr\u00e9 &#8211; Pour les disciplines non linguistiques (EPS, Histoire, Math\u00e9matiques&#8230;) &#8211; Pour les disciplines linguistiques (Fran\u00e7ais, Anglais, Espagnol, Italien)<\/p>\n","protected":false},"author":62,"featured_media":0,"parent":0,"menu_order":0,"comment_status":"closed","ping_status":"closed","template":"","meta":{"footnotes":""},"class_list":["post-226","page","type-page","status-publish","hentry"],"_links":{"self":[{"href":"https:\/\/sites.ac-corse.fr\/lcc\/wp-json\/wp\/v2\/pages\/226","targetHints":{"allow":["GET"]}}],"collection":[{"href":"https:\/\/sites.ac-corse.fr\/lcc\/wp-json\/wp\/v2\/pages"}],"about":[{"href":"https:\/\/sites.ac-corse.fr\/lcc\/wp-json\/wp\/v2\/types\/page"}],"author":[{"embeddable":true,"href":"https:\/\/sites.ac-corse.fr\/lcc\/wp-json\/wp\/v2\/users\/62"}],"replies":[{"embeddable":true,"href":"https:\/\/sites.ac-corse.fr\/lcc\/wp-json\/wp\/v2\/comments?post=226"}],"version-history":[{"count":16,"href":"https:\/\/sites.ac-corse.fr\/lcc\/wp-json\/wp\/v2\/pages\/226\/revisions"}],"predecessor-version":[{"id":876,"href":"https:\/\/sites.ac-corse.fr\/lcc\/wp-json\/wp\/v2\/pages\/226\/revisions\/876"}],"wp:attachment":[{"href":"https:\/\/sites.ac-corse.fr\/lcc\/wp-json\/wp\/v2\/media?parent=226"}],"curies":[{"name":"wp","href":"https:\/\/api.w.org\/{rel}","templated":true}]}}