{"id":229,"date":"2022-10-04T12:30:31","date_gmt":"2022-10-04T10:30:31","guid":{"rendered":"https:\/\/sites.ac-corse.fr\/lcc\/?page_id=229"},"modified":"2025-07-09T12:08:15","modified_gmt":"2025-07-09T10:08:15","slug":"crpe","status":"publish","type":"page","link":"https:\/\/sites.ac-corse.fr\/lcc\/crpe\/","title":{"rendered":"CRPE"},"content":{"rendered":"\n<blockquote class=\"wp-block-quote is-layout-flow wp-block-quote-is-layout-flow\">\n<h2 class=\"wp-block-heading has-text-align-center\"><strong><mark style=\"background-color:#6632ff\" class=\"has-inline-color has-colibri-color-5-color\">CRPE sp\u00e9cial langue r\u00e9gionale<\/mark><\/strong><\/h2>\n<\/blockquote>\n\n\n\n<p><\/p>\n\n\n\n<p class=\"has-text-align-center\"><em>En attente des derniers \u00e9l\u00e9ments de cadrage pour la session 2026<\/em><\/p>\n\n\n\n<p>L\u2019arr\u00eat\u00e9 du 25 janvier 2021, publi\u00e9 au journal officiel du 29 janvier 2021, fixe les modalit\u00e9s d\u2019organisation du concours et d\u00e9crit le sch\u00e9ma des \u00e9preuves.<\/p>\n\n\n\n<ul class=\"wp-block-list\">\n<li><strong><mark style=\"background-color:rgba(0, 0, 0, 0)\" class=\"has-inline-color has-colibri-color-4-color\"><a href=\"https:\/\/sites.ac-corse.fr\/lcc\/wp-content\/uploads\/sites\/28\/2025\/07\/CRPE-2025-LCC_ecrit-admissibilite.pdf\">Sujet CRPE &#8211; Session 2025<\/a><\/mark><\/strong> (cliquer pour t\u00e9l\u00e9charger)<\/li>\n<\/ul>\n\n\n\n<ul class=\"wp-block-list\">\n<li><strong><mark style=\"background-color:rgba(0, 0, 0, 0)\" class=\"has-inline-color has-colibri-color-4-color\"><a href=\"https:\/\/sites.ac-corse.fr\/lcc\/wp-content\/uploads\/sites\/28\/2024\/04\/CRPE-2024-sujet-principal-langue-regionale-Corse.pdf\">Sujet CRPE &#8211; Session 2024<\/a><\/mark><\/strong> (cliquer pour t\u00e9l\u00e9charger)<\/li>\n<\/ul>\n\n\n\n<ul class=\"wp-block-list\">\n<li><a href=\"https:\/\/sites.ac-corse.fr\/lcc\/wp-content\/uploads\/sites\/28\/2025\/07\/CRPE-2023-ecrit-LCC-admissibilite.pdf\">Sujet CRPE &#8211; Session 2023<\/a> (cliquer pour t\u00e9l\u00e9charger)<\/li>\n<\/ul>\n\n\n\n<ul class=\"wp-block-list\">\n<li><strong><mark style=\"background-color:rgba(0, 0, 0, 0)\" class=\"has-inline-color has-colibri-color-4-color\"><a href=\"https:\/\/sites.ac-corse.fr\/lcc\/wp-content\/uploads\/sites\/28\/2023\/01\/Sujet-CRPE-externe-special-corse-2022.pdf\">Sujet CRPE &#8211; Session 2022<\/a><\/mark><\/strong> (cliquer pour t\u00e9l\u00e9charger)<\/li>\n<\/ul>\n\n\n\n<ul class=\"wp-block-list\">\n<li><strong><mark style=\"background-color:rgba(0, 0, 0, 0)\" class=\"has-inline-color has-colibri-color-4-color\"><a href=\"https:\/\/sites.ac-corse.fr\/lcc\/wp-content\/uploads\/sites\/28\/2023\/01\/CRPE-Sujet-zero-LCC.pdf\">Sujet CRPE &#8211; Sujet z\u00e9ro<\/a><\/mark><\/strong> (cliquer pour t\u00e9l\u00e9charger)<\/li>\n<\/ul>\n\n\n\n<p><\/p>\n","protected":false},"excerpt":{"rendered":"<p>CRPE sp\u00e9cial langue r\u00e9gionale En attente des derniers \u00e9l\u00e9ments de cadrage pour la session 2026 L\u2019arr\u00eat\u00e9 du 25 janvier 2021, publi\u00e9 au journal officiel du 29 janvier 2021, fixe les modalit\u00e9s d\u2019organisation du concours et d\u00e9crit le sch\u00e9ma des \u00e9preuves.<\/p>\n","protected":false},"author":62,"featured_media":0,"parent":0,"menu_order":0,"comment_status":"closed","ping_status":"closed","template":"","meta":{"footnotes":""},"class_list":["post-229","page","type-page","status-publish","hentry"],"_links":{"self":[{"href":"https:\/\/sites.ac-corse.fr\/lcc\/wp-json\/wp\/v2\/pages\/229","targetHints":{"allow":["GET"]}}],"collection":[{"href":"https:\/\/sites.ac-corse.fr\/lcc\/wp-json\/wp\/v2\/pages"}],"about":[{"href":"https:\/\/sites.ac-corse.fr\/lcc\/wp-json\/wp\/v2\/types\/page"}],"author":[{"embeddable":true,"href":"https:\/\/sites.ac-corse.fr\/lcc\/wp-json\/wp\/v2\/users\/62"}],"replies":[{"embeddable":true,"href":"https:\/\/sites.ac-corse.fr\/lcc\/wp-json\/wp\/v2\/comments?post=229"}],"version-history":[{"count":10,"href":"https:\/\/sites.ac-corse.fr\/lcc\/wp-json\/wp\/v2\/pages\/229\/revisions"}],"predecessor-version":[{"id":953,"href":"https:\/\/sites.ac-corse.fr\/lcc\/wp-json\/wp\/v2\/pages\/229\/revisions\/953"}],"wp:attachment":[{"href":"https:\/\/sites.ac-corse.fr\/lcc\/wp-json\/wp\/v2\/media?parent=229"}],"curies":[{"name":"wp","href":"https:\/\/api.w.org\/{rel}","templated":true}]}}