{"id":230,"date":"2022-10-04T12:30:31","date_gmt":"2022-10-04T10:30:31","guid":{"rendered":"https:\/\/sites.ac-corse.fr\/lcc\/?page_id=230"},"modified":"2025-06-30T17:17:44","modified_gmt":"2025-06-30T15:17:44","slug":"dnb","status":"publish","type":"page","link":"https:\/\/sites.ac-corse.fr\/lcc\/dnb\/","title":{"rendered":"DNB"},"content":{"rendered":"\n<h2 class=\"wp-block-heading has-text-align-center\"><strong><mark style=\"background-color:#00bf87\" class=\"has-inline-color has-colibri-color-5-color\">Diploma naziunale di u Brevettu<\/mark><\/strong><\/h2>\n\n\n\n<p><mark style=\"background-color:rgba(0, 0, 0, 0)\" class=\"has-inline-color has-colibri-color-5-color\">x<\/mark><\/p>\n\n\n\n<p><\/p>\n\n\n\n<h2 class=\"wp-block-heading\"><mark style=\"background-color:rgba(0, 0, 0, 0)\" class=\"has-inline-color has-colibri-color-3-color\"><strong>Sujets d<mark style=\"background-color:rgba(0, 0, 0, 0)\" class=\"has-inline-color has-colibri-color-3-color\">&lsquo;histoire-g\u00e9ographie-EMC<\/mark><\/strong><\/mark><\/h2>\n\n\n\n<p>T\u00e9l\u00e9charger les sujets :<\/p>\n\n\n\n<ul class=\"wp-block-list\">\n<li><a href=\"https:\/\/sites.ac-corse.fr\/lcc\/wp-content\/uploads\/sites\/28\/2025\/06\/hist-geo-sujet-DNB-2025.pdf\">Hist-geo-sujet-DNB-2025.pdf<\/a><\/li>\n\n\n\n<li><a href=\"https:\/\/sites.ac-corse.fr\/lcc\/wp-content\/uploads\/sites\/28\/2025\/06\/hist-geo-sujet-DNB-2024.pdf\">Hist-geo-sujet-DNB-2024.pdf<\/a><\/li>\n\n\n\n<li><a href=\"https:\/\/sites.ac-corse.fr\/lcc\/wp-content\/uploads\/sites\/28\/2023\/11\/hist-geo-sujet-DNB-2023-1.pdf\">Hist-geo-sujet-DNB-2023.pdf<\/a><\/li>\n\n\n\n<li><a href=\"https:\/\/sites.ac-corse.fr\/lcc\/wp-content\/uploads\/sites\/28\/2025\/06\/hist-geo-sujet-DNB-2022.pdf\">Hist-geo-sujet-DNB-2022.pdf<\/a><\/li>\n<\/ul>\n\n\n\n<h2 class=\"wp-block-heading\"><mark style=\"background-color:rgba(0, 0, 0, 0)\" class=\"has-inline-color has-colibri-color-3-color\"><strong>Sujet d<mark style=\"background-color:rgba(0, 0, 0, 0)\" class=\"has-inline-color has-colibri-color-3-color\">e math\u00e9matiques<\/mark><\/strong><\/mark><\/h2>\n\n\n\n<ul class=\"wp-block-list\">\n<li><a href=\"https:\/\/sites.ac-corse.fr\/lcc\/wp-content\/uploads\/sites\/28\/2025\/06\/DNB-math-2025.pdf\">Math-sujet-DNB-2025.pdf<\/a><\/li>\n<\/ul>\n\n\n\n<h2 class=\"wp-block-heading\"><strong><mark style=\"background-color:rgba(0, 0, 0, 0)\" class=\"has-inline-color has-colibri-color-3-color\">Sujet de <\/mark><\/strong><mark style=\"background-color:rgba(0, 0, 0, 0)\" class=\"has-inline-color has-colibri-color-3-color\"><strong>sciences<\/strong><\/mark><\/h2>\n\n\n\n<ul class=\"wp-block-list\">\n<li><a href=\"https:\/\/sites.ac-corse.fr\/lcc\/wp-content\/uploads\/sites\/28\/2025\/06\/DNB-SVT-2025.pdf\">SVT-Phys-sujet-DNB-2025.pdf<\/a><\/li>\n<\/ul>\n\n\n\n<p><\/p>\n","protected":false},"excerpt":{"rendered":"<p>Diploma naziunale di u Brevettu x Sujets d&lsquo;histoire-g\u00e9ographie-EMC T\u00e9l\u00e9charger les sujets : Sujet de math\u00e9matiques Sujet de sciences<\/p>\n","protected":false},"author":62,"featured_media":0,"parent":0,"menu_order":0,"comment_status":"closed","ping_status":"closed","template":"","meta":{"footnotes":""},"class_list":["post-230","page","type-page","status-publish","hentry"],"_links":{"self":[{"href":"https:\/\/sites.ac-corse.fr\/lcc\/wp-json\/wp\/v2\/pages\/230","targetHints":{"allow":["GET"]}}],"collection":[{"href":"https:\/\/sites.ac-corse.fr\/lcc\/wp-json\/wp\/v2\/pages"}],"about":[{"href":"https:\/\/sites.ac-corse.fr\/lcc\/wp-json\/wp\/v2\/types\/page"}],"author":[{"embeddable":true,"href":"https:\/\/sites.ac-corse.fr\/lcc\/wp-json\/wp\/v2\/users\/62"}],"replies":[{"embeddable":true,"href":"https:\/\/sites.ac-corse.fr\/lcc\/wp-json\/wp\/v2\/comments?post=230"}],"version-history":[{"count":22,"href":"https:\/\/sites.ac-corse.fr\/lcc\/wp-json\/wp\/v2\/pages\/230\/revisions"}],"predecessor-version":[{"id":948,"href":"https:\/\/sites.ac-corse.fr\/lcc\/wp-json\/wp\/v2\/pages\/230\/revisions\/948"}],"wp:attachment":[{"href":"https:\/\/sites.ac-corse.fr\/lcc\/wp-json\/wp\/v2\/media?parent=230"}],"curies":[{"name":"wp","href":"https:\/\/api.w.org\/{rel}","templated":true}]}}