{"id":231,"date":"2022-10-04T12:30:31","date_gmt":"2022-10-04T10:30:31","guid":{"rendered":"https:\/\/sites.ac-corse.fr\/lcc\/?page_id=231"},"modified":"2025-01-13T16:58:38","modified_gmt":"2025-01-13T15:58:38","slug":"baccalaureat","status":"publish","type":"page","link":"https:\/\/sites.ac-corse.fr\/lcc\/baccalaureat\/","title":{"rendered":"Baccalaur\u00e9at"},"content":{"rendered":"\n<h2 class=\"wp-block-heading\">Prova di Spezialit\u00e0 &#8211; 2024<\/h2>\n\n\n\n<div data-wp-interactive=\"core\/file\" class=\"wp-block-file\"><object data-wp-bind--hidden=\"!state.hasPdfPreview\" hidden class=\"wp-block-file__embed\" data=\"https:\/\/sites.ac-corse.fr\/lcc\/wp-content\/uploads\/sites\/28\/2025\/01\/EPREUVE-DENSEIGNEMENT-DE-SPECIALITE-2024.pdf\" type=\"application\/pdf\" style=\"width:100%;height:600px\" aria-label=\"Contenu embarqu\u00e9 EPREUVE D\u2019ENSEIGNEMENT DE SP\u00c9CIALIT\u00c9 2024.\"><\/object><a id=\"wp-block-file--media-16c0504c-58b7-4e58-b003-0c98617c686f\" href=\"https:\/\/sites.ac-corse.fr\/lcc\/wp-content\/uploads\/sites\/28\/2025\/01\/EPREUVE-DENSEIGNEMENT-DE-SPECIALITE-2024.pdf\">EPREUVE D\u2019ENSEIGNEMENT DE SP\u00c9CIALIT\u00c9 2024<\/a><a href=\"https:\/\/sites.ac-corse.fr\/lcc\/wp-content\/uploads\/sites\/28\/2025\/01\/EPREUVE-DENSEIGNEMENT-DE-SPECIALITE-2024.pdf\" class=\"wp-block-file__button wp-element-button\" download aria-describedby=\"wp-block-file--media-16c0504c-58b7-4e58-b003-0c98617c686f\">T\u00e9l\u00e9charger<\/a><\/div>\n\n\n\n<h2 class=\"wp-block-heading\">Prova di spezialit\u00e0 2023<\/h2>\n\n\n\n<div data-wp-interactive=\"core\/file\" class=\"wp-block-file\"><object data-wp-bind--hidden=\"!state.hasPdfPreview\" hidden class=\"wp-block-file__embed\" data=\"https:\/\/sites.ac-corse.fr\/lcc\/wp-content\/uploads\/sites\/28\/2025\/01\/EPREUVE-DENSEIGNEMENT-DE-SPECIALITE-2023.pdf\" type=\"application\/pdf\" style=\"width:100%;height:600px\" aria-label=\"Contenu embarqu\u00e9 EPREUVE D\u2019ENSEIGNEMENT DE SP\u00c9CIALIT\u00c9 2023.\"><\/object><a id=\"wp-block-file--media-f79160e0-861d-4c56-a7c7-842285ae877d\" href=\"https:\/\/sites.ac-corse.fr\/lcc\/wp-content\/uploads\/sites\/28\/2025\/01\/EPREUVE-DENSEIGNEMENT-DE-SPECIALITE-2023.pdf\">EPREUVE D\u2019ENSEIGNEMENT DE SP\u00c9CIALIT\u00c9 2023<\/a><a href=\"https:\/\/sites.ac-corse.fr\/lcc\/wp-content\/uploads\/sites\/28\/2025\/01\/EPREUVE-DENSEIGNEMENT-DE-SPECIALITE-2023.pdf\" class=\"wp-block-file__button wp-element-button\" download aria-describedby=\"wp-block-file--media-f79160e0-861d-4c56-a7c7-842285ae877d\">T\u00e9l\u00e9charger<\/a><\/div>\n\n\n\n<h2 class=\"wp-block-heading has-text-align-center\"><strong><mark style=\"background-color:#00bf87\" class=\"has-inline-color has-colibri-color-5-color\">Baccalaur\u00e9at professionnel &#8211; Session 2022<br>\u00c9preuve obligatoire de langue vivante LVB CORSE<\/mark><\/strong><\/h2>\n\n\n\n<div\n    class='wp-block-pdfp-pdf-poster  alignnone'\n    id='block-1'\n    data-attributes='{&quot;file&quot;:&quot;https:\\\/\\\/sites.ac-corse.fr\\\/lcc\\\/wp-content\\\/uploads\\\/sites\\\/28\\\/2023\\\/01\\\/sujet_BCP-CORSE_LVB.pdf&quot;,&quot;align&quot;:&quot;none&quot;,&quot;alignment&quot;:&quot;left&quot;,&quot;title&quot;:&quot;&quot;,&quot;titleFontSize&quot;:&quot;16px&quot;,&quot;height&quot;:{&quot;desktop&quot;:&quot;840px&quot;,&quot;tablet&quot;:&quot;700px&quot;,&quot;mobile&quot;:&quot;400px&quot;},&quot;width&quot;:{&quot;desktop&quot;:&quot;100%&quot;,&quot;tablet&quot;:&quot;100%&quot;,&quot;mobile&quot;:&quot;100%&quot;},&quot;showName&quot;:false,&quot;print&quot;:false,&quot;onlyPDF&quot;:false,&quot;defaultBrowser&quot;:false,&quot;downloadButton&quot;:false,&quot;downloadButtonText&quot;:&quot;Download File&quot;,&quot;fullscreenButton&quot;:true,&quot;fullscreenButtonText&quot;:&quot;View Fullscreen&quot;,&quot;actionsPosition&quot;:&quot;top&quot;,&quot;newWindow&quot;:false,&quot;protect&quot;:false,&quot;thumbMenu&quot;:false,&quot;sidebarOpen&quot;:false,&quot;initialPage&quot;:0,&quot;alert&quot;:false,&quot;lastVersion&quot;:false,&quot;hrScroll&quot;:false,&quot;isHideRightToolbar&quot;:false,&quot;additional&quot;:{&quot;ID&quot;:&quot;&quot;,&quot;Class&quot;:&quot;&quot;,&quot;CSS&quot;:&quot;&quot;},&quot;adobeEmbedder&quot;:false,&quot;adobeOptions&quot;:{&quot;showDownloadPDF&quot;:true,&quot;showPrintPDF&quot;:true,&quot;showAnnotationTools&quot;:true,&quot;showFullScreen&quot;:false,&quot;embedMode&quot;:&quot;SIZED_CONTAINER&quot;},&quot;popupOptions&quot;:{&quot;enabled&quot;:false,&quot;triggerType&quot;:&quot;button&quot;,&quot;image&quot;:&quot;&quot;,&quot;imagePdfIcon&quot;:true,&quot;imageHeight&quot;:&quot;200px&quot;,&quot;imageWidth&quot;:&quot;300px&quot;,&quot;text&quot;:&quot;Open PDF&quot;,&quot;btnStyle&quot;:{&quot;background&quot;:&quot;#2271b1&quot;,&quot;color&quot;:&quot;#fff&quot;,&quot;fontSize&quot;:&quot;16px&quot;,&quot;padding&quot;:{&quot;top&quot;:10,&quot;right&quot;:20,&quot;bottom&quot;:10,&quot;left&quot;:10}}},&quot;popupBtnStyle&quot;:{&quot;background&quot;:&quot;#2271b1&quot;,&quot;color&quot;:&quot;#fff&quot;,&quot;padding&quot;:{&quot;top&quot;:10,&quot;right&quot;:20,&quot;bottom&quot;:10,&quot;left&quot;:10}},&quot;popupBtnText&quot;:&quot;Open Document&quot;,&quot;CSS&quot;:&quot;&quot;,&quot;socialShare&quot;:{&quot;enabled&quot;:false,&quot;facebook&quot;:true,&quot;twitter&quot;:true,&quot;linkedin&quot;:true,&quot;pinterest&quot;:true,&quot;position&quot;:&quot;top&quot;},&quot;isPremium&quot;:false}'\n    style=\"text-align: left\">\n    \n        <iframe loading=\"lazy\" title=\"\" style=\"border:0;\" width=\"100%\" height=\"800px\" class=\"pdfp_unsupported_frame\" src=\"\/\/docs.google.com\/gview?embedded=true&#038;url=https:\/\/sites.ac-corse.fr\/lcc\/wp-content\/uploads\/sites\/28\/2023\/01\/sujet_BCP-CORSE_LVB.pdf\"><\/iframe>\n\n    <\/div>\n","protected":false},"excerpt":{"rendered":"<p>Prova di Spezialit\u00e0 &#8211; 2024 Prova di spezialit\u00e0 2023 Baccalaur\u00e9at professionnel &#8211; Session 2022\u00c9preuve obligatoire de langue vivante LVB CORSE<\/p>\n","protected":false},"author":62,"featured_media":0,"parent":0,"menu_order":0,"comment_status":"closed","ping_status":"closed","template":"","meta":{"footnotes":""},"class_list":["post-231","page","type-page","status-publish","hentry"],"_links":{"self":[{"href":"https:\/\/sites.ac-corse.fr\/lcc\/wp-json\/wp\/v2\/pages\/231","targetHints":{"allow":["GET"]}}],"collection":[{"href":"https:\/\/sites.ac-corse.fr\/lcc\/wp-json\/wp\/v2\/pages"}],"about":[{"href":"https:\/\/sites.ac-corse.fr\/lcc\/wp-json\/wp\/v2\/types\/page"}],"author":[{"embeddable":true,"href":"https:\/\/sites.ac-corse.fr\/lcc\/wp-json\/wp\/v2\/users\/62"}],"replies":[{"embeddable":true,"href":"https:\/\/sites.ac-corse.fr\/lcc\/wp-json\/wp\/v2\/comments?post=231"}],"version-history":[{"count":4,"href":"https:\/\/sites.ac-corse.fr\/lcc\/wp-json\/wp\/v2\/pages\/231\/revisions"}],"predecessor-version":[{"id":922,"href":"https:\/\/sites.ac-corse.fr\/lcc\/wp-json\/wp\/v2\/pages\/231\/revisions\/922"}],"wp:attachment":[{"href":"https:\/\/sites.ac-corse.fr\/lcc\/wp-json\/wp\/v2\/media?parent=231"}],"curies":[{"name":"wp","href":"https:\/\/api.w.org\/{rel}","templated":true}]}}