{"id":309,"date":"2022-10-09T11:02:45","date_gmt":"2022-10-09T09:02:45","guid":{"rendered":"https:\/\/sites.ac-corse.fr\/lvespagnol\/?page_id=309"},"modified":"2022-10-30T20:51:13","modified_gmt":"2022-10-30T19:51:13","slug":"activites-pedagogiques","status":"publish","type":"page","link":"https:\/\/sites.ac-corse.fr\/lvespagnol\/activites-pedagogiques\/","title":{"rendered":"Activit\u00e9s dans nos classes"},"content":{"rendered":"\n<p>Dans cette rubrique vous trouverez la pr\u00e9sentation d&rsquo;outils num\u00e9riques pour le professeur ou l&rsquo;\u00e9l\u00e8ve, des articles et des informations sur l&rsquo;ouverture internationale dans notre acad\u00e9mie, ainsi que des exemples d&rsquo;activit\u00e9s r\u00e9alis\u00e9es dans nos classes par nos coll\u00e8gues. <\/p>\n","protected":false},"excerpt":{"rendered":"<p>Dans cette rubrique vous trouverez la pr\u00e9sentation d&rsquo;outils num\u00e9riques pour le professeur ou l&rsquo;\u00e9l\u00e8ve, des articles et des informations sur l&rsquo;ouverture internationale dans notre acad\u00e9mie, ainsi que des exemples d&rsquo;activit\u00e9s r\u00e9alis\u00e9es dans nos classes par nos coll\u00e8gues.<\/p>\n","protected":false},"author":80,"featured_media":0,"parent":0,"menu_order":0,"comment_status":"closed","ping_status":"closed","template":"","meta":{"footnotes":""},"class_list":["post-309","page","type-page","status-publish","hentry"],"_links":{"self":[{"href":"https:\/\/sites.ac-corse.fr\/lvespagnol\/wp-json\/wp\/v2\/pages\/309","targetHints":{"allow":["GET"]}}],"collection":[{"href":"https:\/\/sites.ac-corse.fr\/lvespagnol\/wp-json\/wp\/v2\/pages"}],"about":[{"href":"https:\/\/sites.ac-corse.fr\/lvespagnol\/wp-json\/wp\/v2\/types\/page"}],"author":[{"embeddable":true,"href":"https:\/\/sites.ac-corse.fr\/lvespagnol\/wp-json\/wp\/v2\/users\/80"}],"replies":[{"embeddable":true,"href":"https:\/\/sites.ac-corse.fr\/lvespagnol\/wp-json\/wp\/v2\/comments?post=309"}],"version-history":[{"count":4,"href":"https:\/\/sites.ac-corse.fr\/lvespagnol\/wp-json\/wp\/v2\/pages\/309\/revisions"}],"predecessor-version":[{"id":440,"href":"https:\/\/sites.ac-corse.fr\/lvespagnol\/wp-json\/wp\/v2\/pages\/309\/revisions\/440"}],"wp:attachment":[{"href":"https:\/\/sites.ac-corse.fr\/lvespagnol\/wp-json\/wp\/v2\/media?parent=309"}],"curies":[{"name":"wp","href":"https:\/\/api.w.org\/{rel}","templated":true}]}}