{"id":4035,"date":"2023-06-13T19:58:32","date_gmt":"2023-06-13T17:58:32","guid":{"rendered":"https:\/\/sites.ac-corse.fr\/maths\/?page_id=4035"},"modified":"2023-06-19T19:36:13","modified_gmt":"2023-06-19T17:36:13","slug":"labo-ia","status":"publish","type":"page","link":"https:\/\/sites.ac-corse.fr\/maths\/labo-ia\/","title":{"rendered":"Cors&rsquo;IA"},"content":{"rendered":"\n<div class=\"wp-block-buttons is-content-justification-center is-layout-flex wp-container-core-buttons-is-layout-16018d1d wp-block-buttons-is-layout-flex\">\n<div class=\"wp-block-button is-style-fill\"><a class=\"wp-block-button__link wp-element-button\" href=\"https:\/\/sites.ac-corse.fr\/maths\/labo-ia\/\">Cors&rsquo;IA<\/a><\/div>\n\n\n\n<div class=\"wp-block-button\"><a class=\"wp-block-button__link wp-element-button\" href=\"https:\/\/sites.ac-corse.fr\/maths\/apprentissage-renforcement\/\">Apprentissage par renforcement<\/a><\/div>\n\n\n\n<div class=\"wp-block-button\"><a class=\"wp-block-button__link wp-element-button\" href=\"https:\/\/sites.ac-corse.fr\/maths\/apprentissage-supervise\/\">Apprentissage supervis\u00e9<\/a><\/div>\n<\/div>\n\n\n\n<hr class=\"wp-block-separator aligncenter has-alpha-channel-opacity is-style-wide\"\/>\n\n\n\n<h2 class=\"wp-block-heading\">Pr\u00e9sentation du site Cors&rsquo;IA<\/h2>\n\n\n\n<p><\/p>\n\n\n\n<p>Cors&rsquo;IA est le site de partage de ressources sur l&rsquo;intelligence artificielle de l&rsquo;Acad\u00e9mie de Corse.<\/p>\n\n\n\n<p>Cr\u00e9\u00e9 et mis \u00e0 jour par le Labo IA de Corse, il s&rsquo;adresse \u00e0 tous ceux qui veulent se former \u00e0 l&rsquo;IA en proposant des activit\u00e9s accessibles de d\u00e9couverte des concepts fondamentaux de l&rsquo;intelligence artificielle, tels que l&rsquo;apprentissage par renforcement ou l&rsquo;apprentissage supervis\u00e9.<\/p>\n\n\n\n<h3 class=\"wp-block-heading\">Le Labo IA<\/h3>\n\n\n\n<p>Le Labo IA de Corse existe depuis janvier 2019, suite au rapport Villani-Torossian et ses 21 mesures pour l&rsquo;enseignement des math\u00e9matiques.<\/p>\n\n\n\n<p>Ses objectifs sont :<\/p>\n\n\n\n<ul class=\"wp-block-list\">\n<li>r\u00e9fl\u00e9chir sur des pratiques visant \u00e0 enseigner l&rsquo;intelligence artificielle en NSI, en SNT ou dans le cadre  de clubs au lyc\u00e9e,<\/li>\n\n\n\n<li>produire des ressources \u00e0 destination des enseignants et des \u00e9l\u00e8ves de l&rsquo;acad\u00e9mie de Corse.<\/li>\n<\/ul>\n\n\n\n<p>Il se r\u00e9unit 4 \u00e0 6 fois par an et b\u00e9n\u00e9ficie de l&rsquo;aide et des conseils avis\u00e9s de de Monsieur St\u00e9phane Labb\u00e9 professeur des universit\u00e9s et directeur g\u00e9n\u00e9ral de Summit (Sorbonne Universit\u00e9 Maison des Mod\u00e9lisations Ing\u00e9nieries et Technologies).<\/p>\n\n\n\n<h3 class=\"wp-block-heading\">L&rsquo;Intelligence Artificielle<\/h3>\n\n\n\n<p>Il n\u2019est pas chose ais\u00e9e de donner une d\u00e9finition du terme IA mais nous pouvons \u00e9crire que c\u2019est une ensemble de techniques permettant \u00e0 une machine de simuler l\u2019intelligence humaine, notamment en mati\u00e8re de traitement de l\u2019information, de reconnaissance (de formes entre autres), de prise de d\u00e9cisions, d\u2019apprentissage, de raisonnement et de compr\u00e9hension.<\/p>\n\n\n\n<p>L\u2019IA a de nombreuses utilisations dans diff\u00e9rents domaines tels que la recherche, les finances, le milieu sanitaire et m\u00e9dical, les transports, l\u2019\u00e9ducation, la fabrication, les services et divertissements.<\/p>\n\n\n\n<p>Les utilisations principales de l\u2019IA sont les syst\u00e8mes de reconnaissances vocales et faciales, les recommandations, les robots et les drones, la conduite autonome, le traitement automatique de langue, les syst\u00e8mes de surveillance et s\u00e9curit\u00e9, le diagnostic m\u00e9dical assist\u00e9, la planification et optimisation, les jeux vid\u00e9o. L\u2019IA est \u00e9galement utilis\u00e9e pour l\u2019automatisation des t\u00e2ches r\u00e9p\u00e9titives, am\u00e9liorer l\u2019efficacit\u00e9, prendre de meilleures d\u00e9cisions et r\u00e9soudre des probl\u00e8mes complexes.<\/p>\n","protected":false},"excerpt":{"rendered":"<p>Pr\u00e9sentation du site Cors&rsquo;IA Cors&rsquo;IA est le site de partage de ressources sur l&rsquo;intelligence artificielle de l&rsquo;Acad\u00e9mie de Corse. Cr\u00e9\u00e9 et mis \u00e0 jour par le Labo IA de Corse, il s&rsquo;adresse \u00e0 tous ceux qui veulent se former \u00e0 l&rsquo;IA en proposant des activit\u00e9s accessibles de d\u00e9couverte des concepts fondamentaux de l&rsquo;intelligence artificielle, tels [&hellip;]<\/p>\n","protected":false},"author":52,"featured_media":0,"parent":0,"menu_order":0,"comment_status":"closed","ping_status":"closed","template":"","meta":{"footnotes":""},"class_list":["post-4035","page","type-page","status-publish","hentry"],"_links":{"self":[{"href":"https:\/\/sites.ac-corse.fr\/maths\/wp-json\/wp\/v2\/pages\/4035","targetHints":{"allow":["GET"]}}],"collection":[{"href":"https:\/\/sites.ac-corse.fr\/maths\/wp-json\/wp\/v2\/pages"}],"about":[{"href":"https:\/\/sites.ac-corse.fr\/maths\/wp-json\/wp\/v2\/types\/page"}],"author":[{"embeddable":true,"href":"https:\/\/sites.ac-corse.fr\/maths\/wp-json\/wp\/v2\/users\/52"}],"replies":[{"embeddable":true,"href":"https:\/\/sites.ac-corse.fr\/maths\/wp-json\/wp\/v2\/comments?post=4035"}],"version-history":[{"count":14,"href":"https:\/\/sites.ac-corse.fr\/maths\/wp-json\/wp\/v2\/pages\/4035\/revisions"}],"predecessor-version":[{"id":4212,"href":"https:\/\/sites.ac-corse.fr\/maths\/wp-json\/wp\/v2\/pages\/4035\/revisions\/4212"}],"wp:attachment":[{"href":"https:\/\/sites.ac-corse.fr\/maths\/wp-json\/wp\/v2\/media?parent=4035"}],"curies":[{"name":"wp","href":"https:\/\/api.w.org\/{rel}","templated":true}]}}