{"id":4036,"date":"2023-06-13T19:58:32","date_gmt":"2023-06-13T17:58:32","guid":{"rendered":"https:\/\/sites.ac-corse.fr\/maths\/?page_id=4036"},"modified":"2025-10-09T20:47:08","modified_gmt":"2025-10-09T18:47:08","slug":"concours","status":"publish","type":"page","link":"https:\/\/sites.ac-corse.fr\/maths\/concours\/","title":{"rendered":"Concours"},"content":{"rendered":"\n<h2 class=\"wp-block-heading\">Concours 2025-2026<\/h2>\n\n\n\n<p>Dans le cadre de la <a href=\"https:\/\/www.semaine-nsi.fr\/\" data-type=\"link\" data-id=\"https:\/\/www.semaine-nsi.fr\/\" target=\"_blank\" rel=\"noreferrer noopener\">semaine du num\u00e9rique<\/a> et des sciences informatiques qui se d\u00e9roulera du 8 au 13 d\u00e9cembre 2025, l\u2019acad\u00e9mie de Corse organise un concours de programmation informatique \u00e0 destination des lyc\u00e9ens. Cl\u00f4ture des inscriptions le mercredi 3 d\u00e9cembre.<\/p>\n\n\n\n<div data-wp-interactive=\"core\/file\" class=\"wp-block-file\"><object data-wp-bind--hidden=\"!state.hasPdfPreview\" hidden class=\"wp-block-file__embed\" data=\"https:\/\/sites.ac-corse.fr\/maths\/wp-content\/uploads\/sites\/18\/2025\/10\/REGLEMENT.pdf\" type=\"application\/pdf\" style=\"width:100%;height:600px\" aria-label=\"Contenu embarqu\u00e9 REGLEMENT.\"><\/object><a id=\"wp-block-file--media-5ac77e73-03df-4120-a9f2-99832baf4c83\" href=\"https:\/\/sites.ac-corse.fr\/maths\/wp-content\/uploads\/sites\/18\/2025\/10\/REGLEMENT.pdf\">REGLEMENT<\/a><\/div>\n\n\n\n<hr class=\"wp-block-separator has-alpha-channel-opacity\"\/>\n\n\n\n<p><\/p>\n\n\n\n<h2 class=\"wp-block-heading\">Concours 2024-2025<\/h2>\n\n\n\n<blockquote class=\"wp-block-quote is-layout-flow wp-block-quote-is-layout-flow\">\n<figure class=\"wp-block-table\"><table class=\"has-fixed-layout\"><tbody><tr><td><strong>Toutes nos f\u00e9licitations \u00e0 l&rsquo;\u00e9l\u00e8ve de terminale de sp\u00e9cialit\u00e9 NSI du lyc\u00e9e de Balagne qui a remport\u00e9 le concours acad\u00e9mique d&rsquo;intelligence artificielle. Elle est arriv\u00e9e bien en t\u00eate, preuve, s&rsquo;il en fallait une, que l&rsquo;informatique est un domaine qui s&rsquo;adresse tant aux filles qu&rsquo;aux gar\u00e7ons. Un dipl\u00f4me lui a \u00e9t\u00e9 remis jeudi 6 f\u00e9vrier 2025, elle pourra le faire valoir sur Parcoursup. Nous remercions ses enseignants de NSI, pr\u00e9sents lors de la remise du dipl\u00f4me, qui l&rsquo;ont accompagn\u00e9e.<\/strong><\/td><\/tr><\/tbody><\/table><\/figure>\n\n\n\n<figure class=\"wp-block-image size-full\"><img loading=\"lazy\" decoding=\"async\" width=\"3203\" height=\"1403\" src=\"https:\/\/sites.ac-corse.fr\/maths\/wp-content\/uploads\/sites\/18\/2025\/02\/ConcoursIA_2.jpg\" alt=\"\" class=\"wp-image-5682\"\/><figcaption class=\"wp-element-caption\">Jeudi 6 f\u00e9vrier 2025 &#8211; Lyc\u00e9e de Balagne<\/figcaption><\/figure>\n\n\n\n<div style=\"height:66px\" aria-hidden=\"true\" class=\"wp-block-spacer\"><\/div>\n<\/blockquote>\n\n\n\n<div class=\"wp-block-columns is-layout-flex wp-container-core-columns-is-layout-9d6595d7 wp-block-columns-is-layout-flex\">\n<div class=\"wp-block-column is-layout-flow wp-block-column-is-layout-flow\" style=\"flex-basis:100%\">\n<hr class=\"wp-block-separator aligncenter has-alpha-channel-opacity\"\/>\n<\/div>\n<\/div>\n\n\n<div class=\"wp-block-image\">\n<figure class=\"aligncenter size-full is-resized\"><a href=\"https:\/\/www.semaine-nsi.fr\/\" target=\"_blank\" rel=\"noreferrer noopener\"><img loading=\"lazy\" decoding=\"async\" width=\"1001\" height=\"1000\" src=\"https:\/\/sites.ac-corse.fr\/maths\/wp-content\/uploads\/sites\/18\/2023\/11\/Logo_bleu_fond_transparent_uid_640add03d5c8d.png\" alt=\"\" class=\"wp-image-4728\" style=\"width:300px\" srcset=\"https:\/\/sites.ac-corse.fr\/maths\/wp-content\/uploads\/sites\/18\/2023\/11\/Logo_bleu_fond_transparent_uid_640add03d5c8d.png 1001w, https:\/\/sites.ac-corse.fr\/maths\/wp-content\/uploads\/sites\/18\/2023\/11\/Logo_bleu_fond_transparent_uid_640add03d5c8d-300x300.png 300w, https:\/\/sites.ac-corse.fr\/maths\/wp-content\/uploads\/sites\/18\/2023\/11\/Logo_bleu_fond_transparent_uid_640add03d5c8d-150x150.png 150w, https:\/\/sites.ac-corse.fr\/maths\/wp-content\/uploads\/sites\/18\/2023\/11\/Logo_bleu_fond_transparent_uid_640add03d5c8d-768x767.png 768w\" sizes=\"auto, (max-width: 1001px) 100vw, 1001px\" \/><\/a><\/figure>\n<\/div>","protected":false},"excerpt":{"rendered":"<p>Concours 2025-2026 Dans le cadre de la semaine du num\u00e9rique et des sciences informatiques qui se d\u00e9roulera du 8 au 13 d\u00e9cembre 2025, l\u2019acad\u00e9mie de Corse organise un concours de programmation informatique \u00e0 destination des lyc\u00e9ens. Cl\u00f4ture des inscriptions le mercredi 3 d\u00e9cembre. Concours 2024-2025<\/p>\n","protected":false},"author":52,"featured_media":0,"parent":0,"menu_order":0,"comment_status":"closed","ping_status":"closed","template":"","meta":{"footnotes":""},"class_list":["post-4036","page","type-page","status-publish","hentry"],"_links":{"self":[{"href":"https:\/\/sites.ac-corse.fr\/maths\/wp-json\/wp\/v2\/pages\/4036","targetHints":{"allow":["GET"]}}],"collection":[{"href":"https:\/\/sites.ac-corse.fr\/maths\/wp-json\/wp\/v2\/pages"}],"about":[{"href":"https:\/\/sites.ac-corse.fr\/maths\/wp-json\/wp\/v2\/types\/page"}],"author":[{"embeddable":true,"href":"https:\/\/sites.ac-corse.fr\/maths\/wp-json\/wp\/v2\/users\/52"}],"replies":[{"embeddable":true,"href":"https:\/\/sites.ac-corse.fr\/maths\/wp-json\/wp\/v2\/comments?post=4036"}],"version-history":[{"count":15,"href":"https:\/\/sites.ac-corse.fr\/maths\/wp-json\/wp\/v2\/pages\/4036\/revisions"}],"predecessor-version":[{"id":6223,"href":"https:\/\/sites.ac-corse.fr\/maths\/wp-json\/wp\/v2\/pages\/4036\/revisions\/6223"}],"wp:attachment":[{"href":"https:\/\/sites.ac-corse.fr\/maths\/wp-json\/wp\/v2\/media?parent=4036"}],"curies":[{"name":"wp","href":"https:\/\/api.w.org\/{rel}","templated":true}]}}