{"id":4205,"date":"2023-06-16T21:49:23","date_gmt":"2023-06-16T19:49:23","guid":{"rendered":"https:\/\/sites.ac-corse.fr\/maths\/?page_id=4205"},"modified":"2025-06-20T15:15:41","modified_gmt":"2025-06-20T13:15:41","slug":"apprentissage-supervise","status":"publish","type":"page","link":"https:\/\/sites.ac-corse.fr\/maths\/apprentissage-supervise\/","title":{"rendered":"Apprentissage supervis\u00e9"},"content":{"rendered":"\n<div class=\"wp-block-buttons is-content-justification-center is-layout-flex wp-container-core-buttons-is-layout-16018d1d wp-block-buttons-is-layout-flex\">\n<div class=\"wp-block-button\"><a class=\"wp-block-button__link wp-element-button\" href=\"https:\/\/sites.ac-corse.fr\/maths\/labo-ia\/\">Cors&rsquo;IA<\/a><\/div>\n\n\n\n<div class=\"wp-block-button\"><a class=\"wp-block-button__link wp-element-button\" href=\"https:\/\/sites.ac-corse.fr\/maths\/apprentissage-renforcement\/\">Apprentissage par renforcement<\/a><\/div>\n\n\n\n<div class=\"wp-block-button\"><a class=\"wp-block-button__link wp-element-button\" href=\"https:\/\/sites.ac-corse.fr\/maths\/apprentissage-supervise\/\">Apprentissage supervis\u00e9<\/a><\/div>\n<\/div>\n\n\n\n<hr class=\"wp-block-separator aligncenter has-alpha-channel-opacity is-style-wide\"\/>\n\n\n\n<p>L\u2019<strong>apprentissage supervis\u00e9<\/strong>&nbsp;(en anglais :&nbsp;<em>Supervised Learning<\/em>) est le paradigme d\u2019apprentissage le plus populaire en apprentissage automatique. Comme son nom l\u2019indique, cela consiste \u00e0 superviser l\u2019apprentissage de la machine en lui montrant des&nbsp;<strong>exemples<\/strong>&nbsp;(des donn\u00e9es) de la t\u00e2che qu\u2019elle doit r\u00e9aliser.<\/p>\n\n\n\n<p>Les applications sont nombreuses : reconnaissance vocale, vision par ordinateur, r\u00e9gressions, classifications&#8230;<\/p>\n\n\n\n<p>Par exemple, la machine peut apprendre \u00e0 reconna\u00eetre une photo de chien apr\u00e8s qu\u2019on lui ait montr\u00e9 des milliers (des millions) de photos de chiens ou encore apprendre \u00e0 traduire le fran\u00e7ais en chinois apr\u00e8s avoir vu des millions d\u2019exemples de traduction fran\u00e7ais-chinois.<\/p>\n\n\n\n<p>Parmi les mod\u00e8les d&rsquo;apprentissage supervis\u00e9 qui existent, un des plus connus est certainement le&nbsp;<strong>r\u00e9seau de neurones<\/strong>, que nous allons d\u00e9tailler dans les parties suivantes. Les r\u00e9seaux de neurones sont particuli\u00e8rement bien adapt\u00e9s \u00e0 la reconnaissance de formes pour identifier et classer des objets ou des signaux dans les syst\u00e8mes de la parole, de la vision et du contr\u00f4le. Ils peuvent \u00e9galement \u00eatre utilis\u00e9s pour la pr\u00e9diction et la mod\u00e9lisation de s\u00e9ries chronologiques.<\/p>\n\n\n\n<div style=\"height:44px\" aria-hidden=\"true\" class=\"wp-block-spacer\"><\/div>\n\n\n\n<h3 class=\"wp-block-heading\">Activit\u00e9s d\u00e9branch\u00e9es<\/h3>\n\n\n\n<p>Ces activit\u00e9s utilisent et approfondissent la ressource&nbsp;<em>\u00ab\u00a0Entrez dans la t\u00eate d&rsquo;une IA\u00a0\u00bb<\/em>&nbsp;propos\u00e9e par la&nbsp;<a href=\"https:\/\/mmi-lyon.fr\/\" target=\"_blank\" rel=\"noreferrer noopener\">MMI<\/a>&nbsp;(Maison des Math\u00e9matiques et de l&rsquo;Informatique) \u00e0 Lyon.&nbsp;<\/p>\n\n\n\n<h4 class=\"wp-block-heading\">Activit\u00e9 1 : notions de base<\/h4>\n\n\n\n<ul class=\"wp-block-list\">\n<li><a href=\"https:\/\/sites.ac-corse.fr\/maths\/wp-content\/uploads\/sites\/18\/2024\/12\/Deroule_Atelier_Partie1.pdf\" target=\"_blank\" rel=\"noreferrer noopener\">D\u00e9couverte du concept d&rsquo;apprentissage supervis\u00e9, inf\u00e9rences de r\u00e8gles, notions de biais et de surapprentissage<\/a><\/li>\n\n\n\n<li><a href=\"https:\/\/sites.ac-corse.fr\/maths\/wp-content\/uploads\/sites\/18\/2024\/12\/FichiersActivite1.zip\" data-type=\"link\" data-id=\"https:\/\/sites.ac-corse.fr\/maths\/wp-content\/uploads\/sites\/18\/2024\/12\/FichiersActivite1.zip\">Fichiers associ\u00e9s<\/a><\/li>\n<\/ul>\n\n\n\n<div style=\"height:44px\" aria-hidden=\"true\" class=\"wp-block-spacer\"><\/div>\n\n\n\n<h4 class=\"wp-block-heading\">Activit\u00e9 2 :  fonctionnement d&rsquo;un neurone<\/h4>\n\n\n\n<ul class=\"wp-block-list\">\n<li><a href=\"https:\/\/sites.ac-corse.fr\/maths\/wp-content\/uploads\/sites\/18\/2024\/12\/Deroule_Atelier_Partie2.pdf\" target=\"_blank\" rel=\"noreferrer noopener\">Fonctionnement d&rsquo;un unique neurone permettant de diff\u00e9rencier un 6 d&rsquo;un 9 par classification lin\u00e9aire<\/a><\/li>\n\n\n\n<li><a href=\"https:\/\/sites.ac-corse.fr\/maths\/wp-content\/uploads\/sites\/18\/2024\/12\/FichiersActivite2.zip\">Fichiers associ\u00e9s<\/a><\/li>\n<\/ul>\n\n\n\n<div style=\"height:44px\" aria-hidden=\"true\" class=\"wp-block-spacer\"><\/div>\n\n\n\n<h4 class=\"wp-block-heading\">Activit\u00e9 3 :  apprentissage d&rsquo;un neurone<\/h4>\n\n\n\n<ul class=\"wp-block-list\">\n<li><a href=\"https:\/\/sites.ac-corse.fr\/maths\/wp-content\/uploads\/sites\/18\/2024\/12\/Neurone.pdf\" target=\"_blank\" rel=\"noreferrer noopener\">Comment un neurone peut-il apprendre ?<\/a><\/li>\n\n\n\n<li>Animation :&nbsp;<a href=\"http:\/\/ia.dellasantina.corsica\/apprentissage-perceptron\" target=\"_blank\" rel=\"noreferrer noopener\">apprentissage du perceptron<\/a><\/li>\n<\/ul>\n\n\n\n<div style=\"height:44px\" aria-hidden=\"true\" class=\"wp-block-spacer\"><\/div>\n\n\n\n<h3 class=\"wp-block-heading\">Activit\u00e9s de programmation<\/h3>\n\n\n\n<h4 class=\"wp-block-heading\">Activit\u00e9 1 : impl\u00e9mentation d&rsquo;un neurone informatique (perceptron)<\/h4>\n\n\n\n<ul class=\"wp-block-list\">\n<li>Classification d&rsquo;un jeu de donn\u00e9es \u00e0 l&rsquo;aide d&rsquo;un perceptron, et d\u00e9couverte des limites de cette mod\u00e9lisation : <a href=\"https:\/\/notebook.basthon.fr\/?from=https:\/\/python.dellasantina.corsica\/files\/Perceptron.ipynb\" data-type=\"link\" data-id=\"https:\/\/notebook.basthon.fr\/?from=https:\/\/python.dellasantina.corsica\/files\/Perceptron.ipynb\" target=\"_blank\" rel=\"noreferrer noopener\">fichier Notebook<\/a><\/li>\n<\/ul>\n\n\n\n<div style=\"height:44px\" aria-hidden=\"true\" class=\"wp-block-spacer\"><\/div>\n\n\n\n<h4 class=\"wp-block-heading\">Activit\u00e9 2 : impl\u00e9mentation\u00a0d&rsquo;un r\u00e9seau de neurones<\/h4>\n\n\n\n<ul class=\"wp-block-list\">\n<li>Classification d&rsquo;un jeu de donn\u00e9es \u00e0 l&rsquo;aide d&rsquo;un r\u00e9seau de neurones : <a href=\"https:\/\/notebook.basthon.fr\/?from=https:\/\/python.dellasantina.corsica\/files\/reseau_de_neurones.ipynb\" data-type=\"link\" data-id=\"https:\/\/notebook.basthon.fr\/?from=https:\/\/python.dellasantina.corsica\/files\/reseau_de_neurones.ipynb\" target=\"_blank\" rel=\"noreferrer noopener\">fichier Notebook<\/a><\/li>\n<\/ul>\n\n\n\n<p><\/p>\n","protected":false},"excerpt":{"rendered":"<p>L\u2019apprentissage supervis\u00e9&nbsp;(en anglais :&nbsp;Supervised Learning) est le paradigme d\u2019apprentissage le plus populaire en apprentissage automatique. Comme son nom l\u2019indique, cela consiste \u00e0 superviser l\u2019apprentissage de la machine en lui montrant des&nbsp;exemples&nbsp;(des donn\u00e9es) de la t\u00e2che qu\u2019elle doit r\u00e9aliser. Les applications sont nombreuses : reconnaissance vocale, vision par ordinateur, r\u00e9gressions, classifications&#8230; Par exemple, la machine peut [&hellip;]<\/p>\n","protected":false},"author":90,"featured_media":0,"parent":0,"menu_order":0,"comment_status":"closed","ping_status":"closed","template":"","meta":{"footnotes":""},"class_list":["post-4205","page","type-page","status-publish","hentry"],"_links":{"self":[{"href":"https:\/\/sites.ac-corse.fr\/maths\/wp-json\/wp\/v2\/pages\/4205","targetHints":{"allow":["GET"]}}],"collection":[{"href":"https:\/\/sites.ac-corse.fr\/maths\/wp-json\/wp\/v2\/pages"}],"about":[{"href":"https:\/\/sites.ac-corse.fr\/maths\/wp-json\/wp\/v2\/types\/page"}],"author":[{"embeddable":true,"href":"https:\/\/sites.ac-corse.fr\/maths\/wp-json\/wp\/v2\/users\/90"}],"replies":[{"embeddable":true,"href":"https:\/\/sites.ac-corse.fr\/maths\/wp-json\/wp\/v2\/comments?post=4205"}],"version-history":[{"count":38,"href":"https:\/\/sites.ac-corse.fr\/maths\/wp-json\/wp\/v2\/pages\/4205\/revisions"}],"predecessor-version":[{"id":5974,"href":"https:\/\/sites.ac-corse.fr\/maths\/wp-json\/wp\/v2\/pages\/4205\/revisions\/5974"}],"wp:attachment":[{"href":"https:\/\/sites.ac-corse.fr\/maths\/wp-json\/wp\/v2\/media?parent=4205"}],"curies":[{"name":"wp","href":"https:\/\/api.w.org\/{rel}","templated":true}]}}