{"id":4245,"date":"2023-06-30T13:54:22","date_gmt":"2023-06-30T11:54:22","guid":{"rendered":"https:\/\/sites.ac-corse.fr\/maths\/?page_id=4245"},"modified":"2023-06-30T14:07:45","modified_gmt":"2023-06-30T12:07:45","slug":"devoirs-faits-en-classe-de-6e","status":"publish","type":"page","link":"https:\/\/sites.ac-corse.fr\/maths\/devoirs-faits-en-classe-de-6e\/","title":{"rendered":"Devoirs Faits en classe de 6e"},"content":{"rendered":"<div data-colibri-id=\"4245-c1\" class=\"style-1899 style-local-4245-c1 position-relative\">\n  <!---->\n  <div data-colibri-component=\"section\" data-colibri-id=\"4245-c8\" id=\"custom-2\" class=\"h-section h-section-global-spacing d-flex align-items-lg-center align-items-md-center align-items-center style-1907 style-local-4245-c8 position-relative\">\n    <!---->\n    <!---->\n    <div class=\"h-section-grid-container h-section-boxed-container\">\n      <!---->\n      <div data-colibri-id=\"4245-c9\" class=\"h-row-container gutters-row-lg-1 gutters-row-md-1 gutters-row-0 gutters-row-v-lg-1 gutters-row-v-md-1 gutters-row-v-1 style-1908 style-local-4245-c9 position-relative\">\n        <!---->\n        <div class=\"h-row justify-content-lg-center justify-content-md-center justify-content-center align-items-lg-stretch align-items-md-stretch align-items-stretch gutters-col-lg-1 gutters-col-md-1 gutters-col-0 gutters-col-v-lg-1 gutters-col-v-md-1 gutters-col-v-1\">\n          <!---->\n          <div class=\"h-column h-column-container d-flex h-col-lg-auto h-col-md-auto h-col-auto style-1909-outer style-local-4245-c10-outer\">\n            <div data-colibri-id=\"4245-c10\" class=\"d-flex h-flex-basis h-column__inner h-px-lg-1 h-px-md-1 h-px-1 v-inner-lg-1 v-inner-md-1 v-inner-1 style-1909 style-local-4245-c10 position-relative\">\n              <!---->\n              <!---->\n              <div class=\"w-100 h-y-container h-column__content h-column__v-align flex-basis-100 align-self-lg-center align-self-md-center align-self-center\">\n                <!---->\n                <div data-colibri-id=\"4245-c13\" class=\"h-text h-text-component style-1912 style-local-4245-c13 position-relative h-element\">\n                  <!---->\n                  <!---->\n                  <div class=\"\">\n                    <p>\u00c0 partir de la rentr\u00e9e 2023, Devoirs faits est inscrit \u00e0 l\u2019emploi du temps de tous les \u00e9l\u00e8ves de 6\n                      <sup style=\"font-size: 12px;\">e<\/sup>&nbsp;qui b\u00e9n\u00e9ficient ainsi tous d\u2019un temps d\u00e9di\u00e9 obligatoire d\u2019accompagnement aux devoirs dont le volume horaire peut varier en fonction de leurs besoins.<\/p>\n                    <p>En devenant un enseignement compl\u00e9mentaire obligatoire, Devoirs faits 6\n                      <sup style=\"font-size: 12px;\">e<\/sup>&nbsp;participe au renforcement de l\u2019accompagnement des \u00e9l\u00e8ves et s\u2019inscrit dans la continuit\u00e9 de l\u2019accompagnement personnalis\u00e9&nbsp;et de l\u2019heure hebdomadaire de soutien et d\u2019approfondissement en math\u00e9matiques ou en fran\u00e7ais\n                      tels que pr\u00e9vus dans la cadre de la nouvelle sixi\u00e8me<\/p>\n                  <\/div>\n                <\/div>\n              <\/div>\n            <\/div>\n          <\/div>\n        <\/div>\n      <\/div>\n    <\/div>\n  <\/div>\n  <div data-colibri-component=\"section\" data-colibri-id=\"4245-c2\" id=\"custom\" class=\"h-section h-section-global-spacing d-flex align-items-lg-center align-items-md-center align-items-center style-1900 style-local-4245-c2 position-relative\">\n    <!---->\n    <!---->\n    <div class=\"h-section-grid-container h-section-boxed-container\">\n      <!---->\n      <div data-colibri-id=\"4245-c3\" class=\"h-row-container gutters-row-lg-2 gutters-row-md-2 gutters-row-0 gutters-row-v-lg-2 gutters-row-v-md-2 gutters-row-v-2 style-1901 style-local-4245-c3 position-relative\">\n        <!---->\n        <div class=\"h-row justify-content-lg-center justify-content-md-center justify-content-center align-items-lg-stretch align-items-md-stretch align-items-stretch gutters-col-lg-2 gutters-col-md-2 gutters-col-0 gutters-col-v-lg-2 gutters-col-v-md-2 gutters-col-v-2\">\n          <!---->\n          <div class=\"h-column h-column-container d-flex h-col-lg-auto h-col-md-auto h-col-auto style-1902-outer style-local-4245-c4-outer\">\n            <div data-colibri-id=\"4245-c4\" class=\"d-flex h-flex-basis h-column__inner h-px-lg-2 h-px-md-2 h-px-2 v-inner-lg-2 v-inner-md-2 v-inner-2 style-1902 style-local-4245-c4 position-relative\">\n              <!---->\n              <!---->\n              <div class=\"w-100 h-y-container h-column__content h-column__v-align flex-basis-100 align-self-lg-start align-self-md-start align-self-start\">\n                <!---->\n                <div data-colibri-id=\"4245-c5\" class=\"d-block style-1904 style-local-4245-c5 position-relative h-element\">\n                  <!---->\n                  <div class=\"h-image__frame-container-outer\">\n                    <div class=\"h-image__frame-container\">\n                      <!---->\n                      <!---->\n                      <img loading=\"lazy\" decoding=\"async\" width=\"1066\" height=\"1474\" src=\"https:\/\/sites.ac-corse.fr\/maths\/wp-content\/uploads\/sites\/18\/2023\/06\/cropped-Capture-decran-2023-06-30-a-13.57.20.png\" class=\"wp-image-4258 style-1904-image style-local-4245-c5-image\" alt=\"\" srcset=\"https:\/\/sites.ac-corse.fr\/maths\/wp-content\/uploads\/sites\/18\/2023\/06\/cropped-Capture-decran-2023-06-30-a-13.57.20.png 1066w, https:\/\/sites.ac-corse.fr\/maths\/wp-content\/uploads\/sites\/18\/2023\/06\/cropped-Capture-decran-2023-06-30-a-13.57.20-217x300.png 217w, https:\/\/sites.ac-corse.fr\/maths\/wp-content\/uploads\/sites\/18\/2023\/06\/cropped-Capture-decran-2023-06-30-a-13.57.20-741x1024.png 741w, https:\/\/sites.ac-corse.fr\/maths\/wp-content\/uploads\/sites\/18\/2023\/06\/cropped-Capture-decran-2023-06-30-a-13.57.20-768x1062.png 768w\" sizes=\"auto, (max-width: 1066px) 100vw, 1066px\" \/>\n                      <div class=\"h-image__frame h-hide-lg h-hide-md h-hide-sm style-1904-frameImage style-local-4245-c5-frameImage\"><\/div>\n                    <\/div>\n                  <\/div>\n                <\/div>\n              <\/div>\n            <\/div>\n          <\/div>\n          <div class=\"h-column h-column-container d-flex h-col-lg-auto h-col-md-auto h-col-auto style-1905-outer style-local-4245-c6-outer\">\n            <div data-colibri-id=\"4245-c6\" class=\"d-flex h-flex-basis h-column__inner h-px-lg-2 h-px-md-2 h-px-2 v-inner-lg-2 v-inner-md-2 v-inner-2 style-1905 style-local-4245-c6 position-relative\">\n              <!---->\n              <!---->\n              <div class=\"w-100 h-y-container h-column__content h-column__v-align flex-basis-100 align-self-lg-center align-self-md-center align-self-center\">\n                <!---->\n                <div data-colibri-id=\"4245-c7\" class=\"h-text h-text-component style-1906 style-local-4245-c7 position-relative h-element\">\n                  <!---->\n                  <!---->\n                  <div class=\"\">\n                    <p><span style=\"font-family: Marianne, Arial, Helvetica, sans-serif; color: rgb(0, 0, 0); font-weight: 300; font-size: 16px;\"><span class=\"ql-cursor\">\ufeff<\/span>La g\u00e9n\u00e9ralisation de Devoirs faits en 6<\/span>\n                      <sup style=\"font-family: Marianne, Arial, Helvetica, sans-serif; color: rgb(0, 0, 0); font-weight: 300; font-size: 12px;\">e<\/sup><span style=\"font-family: Marianne, Arial, Helvetica, sans-serif; color: rgb(0, 0, 0); font-weight: 300; font-size: 16px;\">&nbsp;modifie les d\u00e9marches et les modalit\u00e9s organisationnelles. Le livret \u00ab&nbsp;Devoirs faits au c\u0153ur d\u2019une nouvelle sixi\u00e8me&nbsp;\u00bb a pour vocation d\u2019aider les \u00e9quipes \u00e0 mettre en place Devoirs faits 6<\/span>\n                      <sup\n                        style=\"font-family: Marianne, Arial, Helvetica, sans-serif; color: rgb(0, 0, 0); font-weight: 300; font-size: 12px;\">e<\/sup><span style=\"font-family: Marianne, Arial, Helvetica, sans-serif; color: rgb(0, 0, 0); font-weight: 300; font-size: 16px;\">&nbsp;dans ses modalit\u00e9s pratiques et p\u00e9dagogiques.<\/span><\/p>\n                    <p><strong style=\"font-family: Marianne, Arial, Helvetica, sans-serif; color: rgb(0, 0, 0); font-weight: 700; font-size: 16px;\">Devoirs faits &#8211;&nbsp;Livret<\/strong><span style=\"font-family: Marianne, Arial, Helvetica, sans-serif; color: rgb(0, 0, 0); font-weight: 300; font-size: 16px;\">&nbsp;\u00ab&nbsp;Devoirs faits au c\u0153ur d\u2019une nouvelle sixi\u00e8me&nbsp;\u00bb<\/span>\n                      <br><em style=\"font-weight: 300; font-family: Marianne, Arial, Helvetica, sans-serif; color: rgb(0, 0, 0); font-size: 16px;\">(Juin&nbsp;2023)\ufeff<\/em><\/p>\n                  <\/div>\n                <\/div>\n                <div data-colibri-id=\"4245-c11\" class=\"h-x-container style-1910 style-local-4245-c11 position-relative h-element\">\n                  <!---->\n                  <div class=\"h-x-container-inner style-dynamic-4245-c11-group style-1910-spacing style-local-4245-c11-spacing\"><span class=\"h-button__outer style-1911-outer style-local-4245-c12-outer d-inline-flex h-element\"><a h-use-smooth-scroll=\"true\" href=\"https:\/\/sites.ac-corse.fr\/maths\/wp-content\/uploads\/sites\/18\/2023\/06\/livret_devoirfaits-coeur-sixieme.pdf\"  data-colibri-id=\"4245-c12\" class=\"d-flex w-100 align-items-center h-button justify-content-lg-center justify-content-md-center justify-content-center style-1911 style-local-4245-c12 position-relative\"><!----><!----> <span>T\u00e9l\u00e9charger le livret<\/span><\/a>\n                    <\/span>\n                  <\/div>\n                <\/div>\n              <\/div>\n            <\/div>\n          <\/div>\n        <\/div>\n      <\/div>\n    <\/div>\n  <\/div>\n<\/div>","protected":false},"excerpt":{"rendered":"<p>\u00c0 partir de la rentr\u00e9e 2023, Devoirs faits est inscrit \u00e0 l\u2019emploi du temps de tous les \u00e9l\u00e8ves de 6 e&nbsp;qui b\u00e9n\u00e9ficient ainsi tous d\u2019un temps d\u00e9di\u00e9 obligatoire d\u2019accompagnement aux devoirs dont le volume horaire peut varier en fonction de leurs besoins. En devenant un enseignement compl\u00e9mentaire obligatoire, Devoirs faits 6 e&nbsp;participe au renforcement de [&hellip;]<\/p>\n","protected":false},"author":52,"featured_media":0,"parent":0,"menu_order":0,"comment_status":"closed","ping_status":"closed","template":"page-templates\/full-width-page.php","meta":{"footnotes":""},"class_list":["post-4245","page","type-page","status-publish","hentry"],"_links":{"self":[{"href":"https:\/\/sites.ac-corse.fr\/maths\/wp-json\/wp\/v2\/pages\/4245","targetHints":{"allow":["GET"]}}],"collection":[{"href":"https:\/\/sites.ac-corse.fr\/maths\/wp-json\/wp\/v2\/pages"}],"about":[{"href":"https:\/\/sites.ac-corse.fr\/maths\/wp-json\/wp\/v2\/types\/page"}],"author":[{"embeddable":true,"href":"https:\/\/sites.ac-corse.fr\/maths\/wp-json\/wp\/v2\/users\/52"}],"replies":[{"embeddable":true,"href":"https:\/\/sites.ac-corse.fr\/maths\/wp-json\/wp\/v2\/comments?post=4245"}],"version-history":[{"count":7,"href":"https:\/\/sites.ac-corse.fr\/maths\/wp-json\/wp\/v2\/pages\/4245\/revisions"}],"predecessor-version":[{"id":4295,"href":"https:\/\/sites.ac-corse.fr\/maths\/wp-json\/wp\/v2\/pages\/4245\/revisions\/4295"}],"wp:attachment":[{"href":"https:\/\/sites.ac-corse.fr\/maths\/wp-json\/wp\/v2\/media?parent=4245"}],"curies":[{"name":"wp","href":"https:\/\/api.w.org\/{rel}","templated":true}]}}