{"id":5326,"date":"2024-05-27T14:14:12","date_gmt":"2024-05-27T12:14:12","guid":{"rendered":"https:\/\/sites.ac-corse.fr\/maths\/?page_id=5326"},"modified":"2024-05-27T15:03:20","modified_gmt":"2024-05-27T13:03:20","slug":"choc-des-savoirs","status":"publish","type":"page","link":"https:\/\/sites.ac-corse.fr\/maths\/choc-des-savoirs\/","title":{"rendered":"Choc des savoirs"},"content":{"rendered":"<div data-colibri-id=\"5326-c1\" class=\"style-2385 style-local-5326-c1 position-relative\">\n  <!---->\n  <div data-colibri-component=\"section\" data-colibri-id=\"5326-c6\" id=\"about\" class=\"h-section h-section-global-spacing d-flex align-items-lg-center align-items-md-center align-items-center style-2390 style-local-5326-c6 position-relative\">\n    <!---->\n    <!---->\n    <div class=\"h-section-grid-container h-section-boxed-container\">\n      <!---->\n      <div data-colibri-id=\"5326-c7\" class=\"h-row-container gutters-row-lg-0 gutters-row-md-0 gutters-row-0 gutters-row-v-lg-0 gutters-row-v-md-0 gutters-row-v-0 style-2391 style-local-5326-c7 position-relative\">\n        <!---->\n        <div class=\"h-row justify-content-lg-start justify-content-md-start justify-content-start align-items-lg-stretch align-items-md-stretch align-items-stretch gutters-col-lg-0 gutters-col-md-0 gutters-col-0 gutters-col-v-lg-0 gutters-col-v-md-0 gutters-col-v-0\">\n          <!---->\n          <div class=\"h-column h-column-container d-flex h-col-lg-auto h-col-md-auto h-col-auto style-2392-outer style-local-5326-c8-outer\">\n            <div data-colibri-id=\"5326-c8\" class=\"d-flex h-flex-basis h-column__inner h-px-lg-0 h-px-md-0 h-px-0 v-inner-lg-0 v-inner-md-0 v-inner-0 style-2392 style-local-5326-c8 position-relative\">\n              <!---->\n              <!---->\n              <div class=\"w-100 h-y-container h-column__content h-column__v-align flex-basis-100 align-self-lg-start align-self-md-start align-self-start\">\n                <!---->\n                <div data-colibri-id=\"5326-c10\" class=\"h-global-transition-all h-heading style-2394 style-local-5326-c10 position-relative h-element\">\n                  <!---->\n                  <div class=\"h-heading__outer style-2394 style-local-5326-c10\">\n                    <!---->\n                    <!---->\n                    <h1 class=\"\">Les ressources acad\u00e9miques&nbsp;<\/h1>\n                  <\/div>\n                <\/div>\n              <\/div>\n            <\/div>\n          <\/div>\n          <div class=\"h-column h-column-container d-flex h-col-lg-auto h-col-md-auto h-col-auto style-2396-outer style-local-5326-c12-outer\">\n            <div data-colibri-id=\"5326-c12\" class=\"d-flex h-flex-basis h-column__inner h-ui-empty-state-container h-px-lg-2 h-px-md-2 h-px-2 v-inner-lg-2 v-inner-md-2 v-inner-2 style-2396 style-local-5326-c12 position-relative\">\n              <!---->\n              <!---->\n              <div class=\"w-100 h-y-container h-column__content h-column__v-align flex-basis-100\">\n                <!---->\n              <\/div>\n            <\/div>\n          <\/div>\n        <\/div>\n      <\/div>\n    <\/div>\n  <\/div>\n  <div data-colibri-component=\"section\" data-colibri-id=\"5326-c14\" id=\"testimonials\" class=\"h-section h-section-global-spacing d-flex align-items-lg-center align-items-md-center align-items-center style-2398 style-local-5326-c14 position-relative\">\n    <!---->\n    <!---->\n    <div class=\"h-section-grid-container h-section-boxed-container\">\n      <div data-colibri-id=\"5326-c48\" class=\"h-row-container gutters-row-lg-2 gutters-row-md-2 gutters-row-0 gutters-row-v-lg-2 gutters-row-v-md-2 gutters-row-v-2 style-2408 style-local-5326-c48 position-relative\">\n        <!---->\n        <div class=\"h-row justify-content-lg-center justify-content-md-center justify-content-center align-items-lg-stretch align-items-md-stretch align-items-stretch gutters-col-lg-2 gutters-col-md-2 gutters-col-0 gutters-col-v-lg-2 gutters-col-v-md-2 gutters-col-v-2\">\n          <!---->\n          <div class=\"h-column h-column-container d-flex h-col-lg-auto h-col-md-auto h-col-auto style-2409-outer style-local-5326-c49-outer\">\n            <div data-colibri-id=\"5326-c49\" class=\"d-flex h-flex-basis h-column__inner h-px-lg-2 h-px-md-2 h-px-2 v-inner-lg-2 v-inner-md-2 v-inner-2 style-2409 style-local-5326-c49 position-relative\">\n              <!---->\n              <!---->\n              <div class=\"w-100 h-y-container h-column__content h-column__v-align flex-basis-100 align-self-lg-start align-self-md-start align-self-start\">\n                <!---->\n                <div data-colibri-id=\"5326-c50\" class=\"h-global-transition-all h-heading style-2410 style-local-5326-c50 position-relative h-element\">\n                  <!---->\n                  <div class=\"h-heading__outer style-2410 style-local-5326-c50\">\n                    <!---->\n                    <!---->\n                    <h2 class=\"\">Exemples de progressions<\/h2>\n                  <\/div>\n                <\/div>\n              <\/div>\n            <\/div>\n          <\/div>\n        <\/div>\n      <\/div>\n      <div data-colibri-id=\"5326-c15\" class=\"h-row-container gutters-row-lg-2 gutters-row-md-2 gutters-row-0 gutters-row-v-lg-2 gutters-row-v-md-2 gutters-row-v-2 style-2399 style-local-5326-c15 position-relative\">\n        <!---->\n        <div class=\"h-row justify-content-lg-center justify-content-md-center justify-content-center align-items-lg-stretch align-items-md-stretch align-items-stretch gutters-col-lg-2 gutters-col-md-2 gutters-col-0 gutters-col-v-lg-2 gutters-col-v-md-2 gutters-col-v-2\">\n          <!---->\n          <div class=\"h-column h-column-container d-flex h-col-lg-6 h-col-md-6 h-col-12 style-2400-outer style-local-5326-c16-outer\">\n            <div data-colibri-id=\"5326-c16\" class=\"d-flex h-flex-basis h-column__inner h-px-lg-3 h-px-md-3 h-px-3 v-inner-lg-3 v-inner-md-3 v-inner-3 style-2400 style-local-5326-c16 position-relative\">\n              <!---->\n              <!---->\n              <div class=\"w-100 h-y-container h-column__content h-column__v-align flex-basis-100 align-self-lg-start align-self-md-start align-self-start\">\n                <!---->\n                <div data-colibri-id=\"5326-c17\" class=\"h-row-container gutters-row-lg-2 gutters-row-md-2 gutters-row-0 gutters-row-v-lg-2 gutters-row-v-md-2 gutters-row-v-2 style-2401 style-local-5326-c17 position-relative\">\n                  <!---->\n                  <div class=\"h-row justify-content-lg-center justify-content-md-center justify-content-center align-items-lg-stretch align-items-md-stretch align-items-stretch gutters-col-lg-2 gutters-col-md-2 gutters-col-0 gutters-col-v-lg-2 gutters-col-v-md-2 gutters-col-v-2\">\n                    <!---->\n                    <div class=\"h-column h-column-container d-flex h-col-lg-6 h-col-md-6 h-col-6 style-2402-outer style-local-5326-c18-outer\">\n                      <div data-colibri-id=\"5326-c18\" class=\"d-flex h-flex-basis h-column__inner h-px-lg-0 h-px-md-0 h-px-0 v-inner-lg-0 v-inner-md-0 v-inner-0 style-2402 style-local-5326-c18 position-relative\">\n                        <!---->\n                        <!---->\n                        <div class=\"w-100 h-y-container h-column__content h-column__v-align flex-basis-100 align-self-lg-center align-self-md-center align-self-center\">\n                          <!---->\n                          <div data-colibri-id=\"5326-c19\" class=\"d-block style-2403 style-local-5326-c19 position-relative h-element\">\n                            <!---->\n                            <div class=\"h-image__frame-container-outer\">\n                              <div class=\"h-image__frame-container\">\n                                <!---->\n                                <!---->\n                                <img loading=\"lazy\" decoding=\"async\" width=\"936\" height=\"938\" src=\"https:\/\/sites.ac-corse.fr\/maths\/wp-content\/uploads\/sites\/18\/2024\/05\/Capture-decran-2024-05-27-a-14.54.43.png\" class=\"wp-image-5334 style-2403-image style-local-5326-c19-image\" alt=\"\" \/>\n                                <div class=\"h-image__frame h-hide-lg h-hide-md h-hide-sm style-2403-frameImage style-local-5326-c19-frameImage\"><\/div>\n                              <\/div>\n                            <\/div>\n                          <\/div>\n                        <\/div>\n                      <\/div>\n                    <\/div>\n                    <div class=\"h-column h-column-container d-flex h-col-lg-6 h-col-md-6 h-col-6 style-2404-outer style-local-5326-c20-outer\">\n                      <div data-colibri-id=\"5326-c20\" class=\"d-flex h-flex-basis h-column__inner h-px-lg-0 h-px-md-0 h-px-0 v-inner-lg-0 v-inner-md-0 v-inner-0 style-2404 style-local-5326-c20 position-relative\">\n                        <!---->\n                        <!---->\n                        <div class=\"w-100 h-y-container h-column__content h-column__v-align flex-basis-100 align-self-lg-center align-self-md-center align-self-center\">\n                          <!---->\n                          <div data-colibri-id=\"5326-c21\" class=\"h-global-transition-all h-heading style-2405 style-local-5326-c21 position-relative h-element\">\n                            <!---->\n                            <div class=\"h-heading__outer style-2405 style-local-5326-c21\">\n                              <!---->\n                              <!---->\n                              <h5 class=\"\">Classe de 6e&nbsp;\n                                <br>\n                              <\/h5>\n                            <\/div>\n                          <\/div>\n                          <div data-colibri-id=\"5326-c53\" class=\"h-x-container style-2413 style-local-5326-c53 position-relative h-element\">\n                            <!---->\n                            <div class=\"h-x-container-inner style-dynamic-5326-c53-group style-2413-spacing style-local-5326-c53-spacing\"><span class=\"h-button__outer style-2414-outer style-local-5326-c54-outer d-inline-flex h-element\"><a h-use-smooth-scroll=\"true\" href=\"https:\/\/sites.ac-corse.fr\/maths\/wp-content\/uploads\/sites\/18\/2024\/05\/PROGRESSION-CLASSE-DE-SIXIEME.pdf\"  data-colibri-id=\"5326-c54\" class=\"d-flex w-100 align-items-center h-button justify-content-lg-center justify-content-md-center justify-content-center style-2414 style-local-5326-c54 position-relative\"><!----><!----> <span>T\u00e9l\u00e9charger<\/span><\/a>\n                              <\/span>\n                            <\/div>\n                          <\/div>\n                        <\/div>\n                      <\/div>\n                    <\/div>\n                  <\/div>\n                <\/div>\n              <\/div>\n            <\/div>\n          <\/div>\n          <div class=\"h-column h-column-container d-flex h-col-lg-6 h-col-md-6 h-col-12 style-2400-outer style-local-5326-c24-outer\">\n            <div data-colibri-id=\"5326-c24\" class=\"d-flex h-flex-basis h-column__inner h-px-lg-3 h-px-md-3 h-px-3 v-inner-lg-3 v-inner-md-3 v-inner-3 style-2400 style-local-5326-c24 position-relative\">\n              <!---->\n              <!---->\n              <div class=\"w-100 h-y-container h-column__content h-column__v-align flex-basis-100 align-self-lg-start align-self-md-start align-self-start\">\n                <!---->\n                <div data-colibri-id=\"5326-c25\" class=\"h-row-container gutters-row-lg-2 gutters-row-md-2 gutters-row-0 gutters-row-v-lg-2 gutters-row-v-md-2 gutters-row-v-2 style-2401 style-local-5326-c25 position-relative\">\n                  <!---->\n                  <div class=\"h-row justify-content-lg-center justify-content-md-center justify-content-center align-items-lg-stretch align-items-md-stretch align-items-stretch gutters-col-lg-2 gutters-col-md-2 gutters-col-0 gutters-col-v-lg-2 gutters-col-v-md-2 gutters-col-v-2\">\n                    <!---->\n                    <div class=\"h-column h-column-container d-flex h-col-lg-6 h-col-md-6 h-col-6 style-2402-outer style-local-5326-c26-outer\">\n                      <div data-colibri-id=\"5326-c26\" class=\"d-flex h-flex-basis h-column__inner h-px-lg-0 h-px-md-0 h-px-0 v-inner-lg-0 v-inner-md-0 v-inner-0 style-2402 style-local-5326-c26 position-relative\">\n                        <!---->\n                        <!---->\n                        <div class=\"w-100 h-y-container h-column__content h-column__v-align flex-basis-100 align-self-lg-center align-self-md-center align-self-center\">\n                          <!---->\n                          <div data-colibri-id=\"5326-c27\" class=\"d-block style-2403 style-local-5326-c27 position-relative h-element\">\n                            <!---->\n                            <div class=\"h-image__frame-container-outer\">\n                              <div class=\"h-image__frame-container\">\n                                <!---->\n                                <!---->\n                                <img loading=\"lazy\" decoding=\"async\" width=\"936\" height=\"938\" src=\"https:\/\/sites.ac-corse.fr\/maths\/wp-content\/uploads\/sites\/18\/2024\/05\/Capture-decran-2024-05-27-a-14.56.23.png\" class=\"wp-image-5336 style-2403-image style-local-5326-c27-image\" alt=\"\" \/>\n                                <div class=\"h-image__frame h-hide-lg h-hide-md h-hide-sm style-2403-frameImage style-local-5326-c27-frameImage\"><\/div>\n                              <\/div>\n                            <\/div>\n                          <\/div>\n                        <\/div>\n                      <\/div>\n                    <\/div>\n                    <div class=\"h-column h-column-container d-flex h-col-lg-6 h-col-md-6 h-col-6 style-2404-outer style-local-5326-c28-outer\">\n                      <div data-colibri-id=\"5326-c28\" class=\"d-flex h-flex-basis h-column__inner h-px-lg-0 h-px-md-0 h-px-0 v-inner-lg-0 v-inner-md-0 v-inner-0 style-2404 style-local-5326-c28 position-relative\">\n                        <!---->\n                        <!---->\n                        <div class=\"w-100 h-y-container h-column__content h-column__v-align flex-basis-100 align-self-lg-center align-self-md-center align-self-center\">\n                          <!---->\n                          <div data-colibri-id=\"5326-c29\" class=\"h-global-transition-all h-heading style-2405 style-local-5326-c29 position-relative h-element\">\n                            <!---->\n                            <div class=\"h-heading__outer style-2405 style-local-5326-c29\">\n                              <!---->\n                              <!---->\n                              <h5 class=\"\">Classe de 5e<\/h5>\n                            <\/div>\n                          <\/div>\n                          <div data-colibri-id=\"5326-c75\" class=\"h-x-container style-2435 style-local-5326-c75 position-relative h-element\">\n                            <!---->\n                            <div class=\"h-x-container-inner style-dynamic-5326-c75-group style-2435-spacing style-local-5326-c75-spacing\"><span class=\"h-button__outer style-2436-outer style-local-5326-c76-outer d-inline-flex h-element\"><a h-use-smooth-scroll=\"true\" href=\"https:\/\/sites.ac-corse.fr\/maths\/wp-content\/uploads\/sites\/18\/2024\/05\/PROGRESSION-CLASSE-DE-CINQUIEME.pdf\"  data-colibri-id=\"5326-c76\" class=\"d-flex w-100 align-items-center h-button justify-content-lg-center justify-content-md-center justify-content-center style-2436 style-local-5326-c76 position-relative\"><!----><!----> <span>T\u00e9l\u00e9charger<\/span><\/a>\n                              <\/span>\n                            <\/div>\n                          <\/div>\n                        <\/div>\n                      <\/div>\n                    <\/div>\n                  <\/div>\n                <\/div>\n              <\/div>\n            <\/div>\n          <\/div>\n        <\/div>\n      <\/div>\n    <\/div>\n  <\/div>\n  <div data-colibri-component=\"section\" data-colibri-id=\"5326-c56\" id=\"custom\" class=\"h-section h-section-global-spacing d-flex align-items-lg-center align-items-md-center align-items-center style-2416 style-local-5326-c56 position-relative\">\n    <!---->\n    <!---->\n    <div class=\"h-section-grid-container h-section-boxed-container\">\n      <!---->\n      <div data-colibri-id=\"5326-c57\" class=\"h-row-container gutters-row-lg-2 gutters-row-md-2 gutters-row-0 gutters-row-v-lg-2 gutters-row-v-md-2 gutters-row-v-2 style-2417 style-local-5326-c57 position-relative\">\n        <!---->\n        <div class=\"h-row justify-content-lg-center justify-content-md-center justify-content-center align-items-lg-stretch align-items-md-stretch align-items-stretch gutters-col-lg-2 gutters-col-md-2 gutters-col-0 gutters-col-v-lg-2 gutters-col-v-md-2 gutters-col-v-2\">\n          <!---->\n          <div class=\"h-column h-column-container d-flex h-col-lg-auto h-col-md-auto h-col-auto style-2418-outer style-local-5326-c58-outer\">\n            <div data-colibri-id=\"5326-c58\" class=\"d-flex h-flex-basis h-column__inner h-ui-empty-state-container h-px-lg-2 h-px-md-2 h-px-2 v-inner-lg-2 v-inner-md-2 v-inner-2 style-2418 style-local-5326-c58 position-relative\">\n              <!---->\n              <!---->\n              <div class=\"w-100 h-y-container h-column__content h-column__v-align flex-basis-100\">\n                <!---->\n              <\/div>\n            <\/div>\n          <\/div>\n        <\/div>\n      <\/div>\n    <\/div>\n  <\/div>\n<\/div>","protected":false},"excerpt":{"rendered":"<p>Les ressources acad\u00e9miques&nbsp; Exemples de progressions Classe de 6e&nbsp; T\u00e9l\u00e9charger Classe de 5e T\u00e9l\u00e9charger<\/p>\n","protected":false},"author":52,"featured_media":0,"parent":0,"menu_order":0,"comment_status":"closed","ping_status":"closed","template":"page-templates\/full-width-page.php","meta":{"footnotes":""},"class_list":["post-5326","page","type-page","status-publish","hentry"],"_links":{"self":[{"href":"https:\/\/sites.ac-corse.fr\/maths\/wp-json\/wp\/v2\/pages\/5326","targetHints":{"allow":["GET"]}}],"collection":[{"href":"https:\/\/sites.ac-corse.fr\/maths\/wp-json\/wp\/v2\/pages"}],"about":[{"href":"https:\/\/sites.ac-corse.fr\/maths\/wp-json\/wp\/v2\/types\/page"}],"author":[{"embeddable":true,"href":"https:\/\/sites.ac-corse.fr\/maths\/wp-json\/wp\/v2\/users\/52"}],"replies":[{"embeddable":true,"href":"https:\/\/sites.ac-corse.fr\/maths\/wp-json\/wp\/v2\/comments?post=5326"}],"version-history":[{"count":5,"href":"https:\/\/sites.ac-corse.fr\/maths\/wp-json\/wp\/v2\/pages\/5326\/revisions"}],"predecessor-version":[{"id":5352,"href":"https:\/\/sites.ac-corse.fr\/maths\/wp-json\/wp\/v2\/pages\/5326\/revisions\/5352"}],"wp:attachment":[{"href":"https:\/\/sites.ac-corse.fr\/maths\/wp-json\/wp\/v2\/media?parent=5326"}],"curies":[{"name":"wp","href":"https:\/\/api.w.org\/{rel}","templated":true}]}}